{"id":5885,"date":"2020-05-12T08:08:01","date_gmt":"2020-05-12T08:08:01","guid":{"rendered":"http:\/\/rstheme.com\/products\/wordpress\/reobiz\/?page_id=5885"},"modified":"2021-08-13T14:27:21","modified_gmt":"2021-08-13T14:27:21","slug":"divida-de-ipva-e-multas","status":"publish","type":"page","link":"https:\/\/consultoriabpr.com.br\/site\/servicos\/divida-de-ipva-e-multas\/","title":{"rendered":"IPVA E Multas"},"content":{"rendered":"\t\t<div data-elementor-type=\"wp-page\" data-elementor-id=\"5885\" class=\"elementor elementor-5885\" data-elementor-settings=\"[]\">\n\t\t\t\t\t\t<div class=\"elementor-inner\">\n\t\t\t\t\t\t\t<div class=\"elementor-section-wrap\">\n\t\t\t\t\t\t\t<section class=\"elementor-section elementor-top-section elementor-element elementor-element-2b9a007 elementor-section-boxed elementor-section-height-default elementor-section-height-default\" data-id=\"2b9a007\" data-element_type=\"section\">\n\t\t\t\t\t\t<div class=\"elementor-container elementor-column-gap-default\">\n\t\t\t\t\t\t\t<div class=\"elementor-row\">\n\t\t\t\t\t<div class=\"elementor-column elementor-col-50 elementor-top-column elementor-element elementor-element-0522c20\" data-id=\"0522c20\" data-element_type=\"column\">\n\t\t\t<div class=\"elementor-column-wrap elementor-element-populated\">\n\t\t\t\t\t\t\t<div class=\"elementor-widget-wrap\">\n\t\t\t\t\t\t<div class=\"elementor-element elementor-element-8f012fe elementor-widget elementor-widget-image\" data-id=\"8f012fe\" data-element_type=\"widget\" data-widget_type=\"image.default\">\n\t\t\t\t<div class=\"elementor-widget-container\">\n\t\t\t\t\t<div class=\"elementor-image\">\n\t\t\t\t\t\t\t\t\t\t<img width=\"800\" height=\"440\" src=\"https:\/\/consultoriabpr.com.br\/site\/wp-content\/uploads\/2020\/11\/ipva-multas.jpg\" class=\"attachment-full size-full\" alt=\"\" loading=\"lazy\" srcset=\"https:\/\/consultoriabpr.com.br\/site\/wp-content\/uploads\/2020\/11\/ipva-multas.jpg 800w, https:\/\/consultoriabpr.com.br\/site\/wp-content\/uploads\/2020\/11\/ipva-multas-300x165.jpg 300w, https:\/\/consultoriabpr.com.br\/site\/wp-content\/uploads\/2020\/11\/ipva-multas-768x422.jpg 768w, https:\/\/consultoriabpr.com.br\/site\/wp-content\/uploads\/2020\/11\/ipva-multas-600x330.jpg 600w\" sizes=\"(max-width: 800px) 100vw, 800px\" \/>\t\t\t\t\t\t\t\t\t\t\t<\/div>\n\t\t\t\t<\/div>\n\t\t\t\t<\/div>\n\t\t\t\t<div class=\"elementor-element elementor-element-851c344 elementor-widget elementor-widget-heading\" data-id=\"851c344\" data-element_type=\"widget\" data-widget_type=\"heading.default\">\n\t\t\t\t<div class=\"elementor-widget-container\">\n\t\t\t<h2 class=\"elementor-heading-title elementor-size-default\">SOLU\u00c7\u00d5ES PARA D\u00cdVIDA DE IPVA E MULTAS<\/h2>\t\t<\/div>\n\t\t\t\t<\/div>\n\t\t\t\t<div class=\"elementor-element elementor-element-e6abc05 elementor-widget elementor-widget-text-editor\" data-id=\"e6abc05\" data-element_type=\"widget\" data-widget_type=\"text-editor.default\">\n\t\t\t\t<div class=\"elementor-widget-container\">\n\t\t\t\t\t<div class=\"elementor-text-editor elementor-clearfix\"><p>Enquanto voc\u00ea n\u00e3o regulariza o pagamento do IPVA atrasado, n\u00e3o pode fazer o licenciamento do ve\u00edculo. E, quem \u00e9 pego com o licenciamento irregular, tamb\u00e9m corre o risco de ter o carro apreendido. Mas as consequ\u00eancias n\u00e3o param por a\u00ed. Confira abaixo o que pode acontecer se voc\u00ea atrasar o IPVA<\/p><p>1. Ter o IPVA atrasado pode sujar meu nome?\u00a0<strong>SIM<\/strong><br \/>Al\u00e9m do cidad\u00e3o ter seu nome inclu\u00eddo ao SPC ou Serasa, por exemplo, ele ter\u00e1 o nome inclu\u00eddo na d\u00edvida ativa, que \u00e9 uma execu\u00e7\u00e3o fiscal onde ele poder\u00e1 at\u00e9 mesmo perder o bem.<\/p><p>2. Posso dirigir meu carro com o IPVA atrasado?\u00a0<strong>N\u00c3O<\/strong><br \/>Se o carro for apreendido pela pol\u00edcia, o preju\u00edzo ser\u00e1 ainda maior, pois voc\u00ea ter\u00e1 que pagar o IPVA atrasado, os juros e as multas para regularizar a situa\u00e7\u00e3o e cobrir os gastos dos dias em que o carro ficou parado no p\u00e1tio do Detran. Se mesmo assim n\u00e3o puder pagar a d\u00edvida, seu carro ir\u00e1 para leil\u00e3o.<\/p><p>3. E como pagar o IPVA ATRASADO?<br \/>Nossos atendentes realizam a solicita\u00e7\u00e3o das guias de pagamento referente o IPVA em atraso, intermediando os valores para nossos clientes e fornecendo a comodidade de ter a assessoria em pr\u00f3 de sua d\u00edvida ativa.<\/p><p>N\u00e3o corra riscos,\u00a0<a href=\"https:\/\/consultoriabpr.com.br\/contato-bpr-consultoria\/\">acione nossa consultoria<\/a>\u00a0para lidar com d\u00edvida de IPVA e multas agora mesmo!<\/p><\/div>\n\t\t\t\t<\/div>\n\t\t\t\t<\/div>\n\t\t\t\t<section class=\"elementor-section elementor-inner-section elementor-element elementor-element-3dfd724 elementor-section-boxed elementor-section-height-default elementor-section-height-default\" data-id=\"3dfd724\" data-element_type=\"section\">\n\t\t\t\t\t\t<div class=\"elementor-container elementor-column-gap-default\">\n\t\t\t\t\t\t\t<div class=\"elementor-row\">\n\t\t\t\t\t<div class=\"elementor-column elementor-col-100 elementor-inner-column elementor-element elementor-element-b036b4a\" data-id=\"b036b4a\" data-element_type=\"column\">\n\t\t\t<div class=\"elementor-column-wrap elementor-element-populated\">\n\t\t\t\t\t\t\t<div class=\"elementor-widget-wrap\">\n\t\t\t\t\t\t<div class=\"elementor-element elementor-element-0d431f3 elementor-widget elementor-widget-rsfeatureslist\" data-id=\"0d431f3\" data-element_type=\"widget\" data-widget_type=\"rsfeatureslist.default\">\n\t\t\t\t<div class=\"elementor-widget-container\">\n\t\t\t \n\n        <div class=\"rs-features-list-content\">        \n\n                                    <ul class=\"rs-features-list\">\n                                                    <li class=\"elementor-repeater-item-0348abf\">\n                                                                    <i class=\"fa fa-check-circle\"><\/i>\n                                                                <span class=\"rs-feature-text\">Entre em contato agora mesmo!<\/span>\n                            <\/li>\n                                            <\/ul>\n                            \n        <\/div>\n        \t\t<\/div>\n\t\t\t\t<\/div>\n\t\t\t\t\t\t<\/div>\n\t\t\t\t\t<\/div>\n\t\t<\/div>\n\t\t\t\t\t\t\t\t<\/div>\n\t\t\t\t\t<\/div>\n\t\t<\/section>\n\t\t\t\t\t\t<\/div>\n\t\t\t\t\t<\/div>\n\t\t<\/div>\n\t\t\t\t<div class=\"elementor-column elementor-col-50 elementor-top-column elementor-element elementor-element-a17f8d3 bs-sidebar dynamic-sidebar\" data-id=\"a17f8d3\" data-element_type=\"column\">\n\t\t\t<div class=\"elementor-column-wrap elementor-element-populated\">\n\t\t\t\t\t\t\t<div class=\"elementor-widget-wrap\">\n\t\t\t\t\t\t<div class=\"elementor-element elementor-element-c5883b0 elementor-widget elementor-widget-sidebar\" data-id=\"c5883b0\" data-element_type=\"widget\" data-widget_type=\"sidebar.default\">\n\t\t\t\t<div class=\"elementor-widget-container\">\n\t\t\t<div id=\"nav_menu-1\" class=\"service-singles widget widget_nav_menu\"><div class=\"menu-services-container\"><ul id=\"menu-services\" class=\"menu\"><li id=\"menu-item-2313\" class=\"menu-item menu-item-type-post_type menu-item-object-page menu-item-2313\"><a href=\"https:\/\/consultoriabpr.com.br\/site\/servicos\/limpar-nome\/\">Limpar Nome<\/a><\/li>\n<li id=\"menu-item-5890\" class=\"menu-item menu-item-type-post_type menu-item-object-page menu-item-5890\"><a href=\"https:\/\/consultoriabpr.com.br\/site\/servicos\/divida-imovel\/\">D\u00edvida Imovel<\/a><\/li>\n<li id=\"menu-item-5891\" class=\"menu-item menu-item-type-post_type menu-item-object-page menu-item-5891\"><a href=\"https:\/\/consultoriabpr.com.br\/site\/servicos\/cheques-devolvidos-protestos\/\">Cheques devolvidos ou Protestos<\/a><\/li>\n<li id=\"menu-item-5892\" class=\"menu-item menu-item-type-post_type menu-item-object-page menu-item-5892\"><a href=\"https:\/\/consultoriabpr.com.br\/site\/servicos\/divida-cartao-de-credito\/\">Divida Cart\u00e3o de cr\u00e9dito<\/a><\/li>\n<li id=\"menu-item-5894\" class=\"menu-item menu-item-type-post_type menu-item-object-page menu-item-5894\"><a href=\"https:\/\/consultoriabpr.com.br\/site\/servicos\/divida-veiculos\/\">D\u00edvida de Ve\u00edculos<\/a><\/li>\n<li id=\"menu-item-5895\" class=\"menu-item menu-item-type-post_type menu-item-object-page menu-item-5895\"><a href=\"https:\/\/consultoriabpr.com.br\/site\/servicos\/divida-de-ipva-e-multas\/\">IPVA E Multas<\/a><\/li>\n<li id=\"menu-item-10843\" class=\"menu-item menu-item-type-post_type menu-item-object-page menu-item-10843\"><a href=\"https:\/\/consultoriabpr.com.br\/site\/servicos\/super-endividamento\/\">Super Endividamento<\/a><\/li>\n<\/ul><\/div><\/div>\t\t<\/div>\n\t\t\t\t<\/div>\n\t\t\t\t<section class=\"elementor-section elementor-inner-section elementor-element elementor-element-07d7457 elementor-section-boxed elementor-section-height-default elementor-section-height-default\" data-id=\"07d7457\" data-element_type=\"section\">\n\t\t\t\t\t\t<div class=\"elementor-container elementor-column-gap-default\">\n\t\t\t\t\t\t\t<div class=\"elementor-row\">\n\t\t\t\t\t<div class=\"elementor-column elementor-col-100 elementor-inner-column elementor-element elementor-element-72f0b1c\" data-id=\"72f0b1c\" data-element_type=\"column\" data-settings=\"{&quot;background_background&quot;:&quot;classic&quot;}\">\n\t\t\t<div class=\"elementor-column-wrap elementor-element-populated\">\n\t\t\t\t\t\t\t<div class=\"elementor-widget-wrap\">\n\t\t\t\t\t\t<div class=\"elementor-element elementor-element-dc8e019 phones elementor-widget elementor-widget-rs-contact-box\" data-id=\"dc8e019\" data-element_type=\"widget\" data-widget_type=\"rs-contact-box.default\">\n\t\t\t\t<div class=\"elementor-widget-container\">\n\t\t\t\t\t\r\n\r\n\t\t<!-- Style 1 Start -->\r\n\t\t<div class=\"rs-contact-box\">\r\n\r\n\t\t\t\t\t\t<div class=\"address-item vertical boxstyle1\">\r\n\r\n\t\t\t\t\t\t\t            <div class=\"address-icon\">\r\n\t\t            \t\t\t            \t\t<i class=\"fa fa-phone\"><\/i>\r\n\t\t            \t\t\t            <\/div>\r\n\t\t            \r\n\t\t            <div class=\"address-text\">\r\n\t\t            \t\r\n\r\n\t\t            \t\r\n\r\n\t\t            \t\t\t            <\/div>\r\n\t\t        <\/div>\r\n\t\t\t\t\t<\/div>\r\n\r\n\t<!-- Style 1 End -->\t\r\n\t\t\r\n\t\t\t<\/div>\n\t\t\t\t<\/div>\n\t\t\t\t<div class=\"elementor-element elementor-element-0e4abc4 elementor-widget elementor-widget-heading\" data-id=\"0e4abc4\" data-element_type=\"widget\" data-widget_type=\"heading.default\">\n\t\t\t\t<div class=\"elementor-widget-container\">\n\t\t\t<h2 class=\"elementor-heading-title elementor-size-default\">Tire suas d\u00favidas. Ligue agora mesmo:<\/h2>\t\t<\/div>\n\t\t\t\t<\/div>\n\t\t\t\t<div class=\"elementor-element elementor-element-0cab5f2 elementor-widget elementor-widget-heading\" data-id=\"0cab5f2\" data-element_type=\"widget\" data-widget_type=\"heading.default\">\n\t\t\t\t<div class=\"elementor-widget-container\">\n\t\t\t<h2 class=\"elementor-heading-title elementor-size-default\">(11) 3279-9797<\/h2>\t\t<\/div>\n\t\t\t\t<\/div>\n\t\t\t\t\t\t<\/div>\n\t\t\t\t\t<\/div>\n\t\t<\/div>\n\t\t\t\t\t\t\t\t<\/div>\n\t\t\t\t\t<\/div>\n\t\t<\/section>\n\t\t\t\t<section class=\"elementor-section elementor-inner-section elementor-element elementor-element-5873f2b elementor-section-boxed elementor-section-height-default elementor-section-height-default\" data-id=\"5873f2b\" data-element_type=\"section\" data-settings=\"{&quot;background_background&quot;:&quot;classic&quot;}\">\n\t\t\t\t\t\t<div class=\"elementor-container elementor-column-gap-default\">\n\t\t\t\t\t\t\t<div class=\"elementor-row\">\n\t\t\t\t\t<div class=\"elementor-column elementor-col-100 elementor-inner-column elementor-element elementor-element-86567fa\" data-id=\"86567fa\" data-element_type=\"column\">\n\t\t\t<div class=\"elementor-column-wrap elementor-element-populated\">\n\t\t\t\t\t\t\t<div class=\"elementor-widget-wrap\">\n\t\t\t\t\t\t<div class=\"elementor-element elementor-element-9c88ae8 elementor-widget elementor-widget-rs-heading\" data-id=\"9c88ae8\" data-element_type=\"widget\" data-widget_type=\"rs-heading.default\">\n\t\t\t\t<div class=\"elementor-widget-container\">\n\t\t\t        <div class=\"rs-heading default center \">\r\n        \t<div class=\"title-inner\">\r\n        \t\t      \t\t\r\n\t            <h3 class=\"title\"><span class=\"watermark\"><\/span>WHATSAPP<\/h3>\t        <\/div>\r\n\t                <\/div>\r\n\r\n        \t\t<\/div>\n\t\t\t\t<\/div>\n\t\t\t\t<div class=\"elementor-element elementor-element-2f9a9e6 elementor-align-center elementor-widget elementor-widget-button\" data-id=\"2f9a9e6\" data-element_type=\"widget\" data-widget_type=\"button.default\">\n\t\t\t\t<div class=\"elementor-widget-container\">\n\t\t\t\t\t<div class=\"elementor-button-wrapper\">\n\t\t\t<a href=\"https:\/\/api.whatsapp.com\/send?phone=5511962663363&#038;text=Ola%20BRR\" class=\"elementor-button-link elementor-button elementor-size-sm\" role=\"button\">\n\t\t\t\t\t\t<span class=\"elementor-button-content-wrapper\">\n\t\t\t\t\t\t<span class=\"elementor-button-icon elementor-align-icon-left\">\n\t\t\t\t<i aria-hidden=\"true\" class=\"fab fa-whatsapp\"><\/i>\t\t\t<\/span>\n\t\t\t\t\t\t<span class=\"elementor-button-text\">Clique e fale agora!<\/span>\n\t\t<\/span>\n\t\t\t\t\t<\/a>\n\t\t<\/div>\n\t\t\t\t<\/div>\n\t\t\t\t<\/div>\n\t\t\t\t\t\t<\/div>\n\t\t\t\t\t<\/div>\n\t\t<\/div>\n\t\t\t\t\t\t\t\t<\/div>\n\t\t\t\t\t<\/div>\n\t\t<\/section>\n\t\t\t\t\t\t<\/div>\n\t\t\t\t\t<\/div>\n\t\t<\/div>\n\t\t\t\t\t\t\t\t<\/div>\n\t\t\t\t\t<\/div>\n\t\t<\/section>\n\t\t\t\t\t\t<\/div>\n\t\t\t\t\t\t<\/div>\n\t\t\t\t\t<\/div>\n\t\t","protected":false},"excerpt":{"rendered":"<p>SOLU\u00c7\u00d5ES PARA D\u00cdVIDA DE IPVA E MULTAS Enquanto voc\u00ea n\u00e3o regulariza o pagamento do IPVA atrasado, n\u00e3o pode fazer o licenciamento do ve\u00edculo. E, quem \u00e9 pego com o licenciamento irregular, tamb\u00e9m corre o risco de ter o carro apreendido. Mas as consequ\u00eancias n\u00e3o param por a\u00ed. Confira abaixo o que pode acontecer se voc\u00ea&#8230;<\/p>\n","protected":false},"author":1,"featured_media":0,"parent":2152,"menu_order":0,"comment_status":"closed","ping_status":"closed","template":"","meta":[],"yoast_head":"<!-- This site is optimized with the Yoast SEO plugin v15.2.1 - https:\/\/yoast.com\/wordpress\/plugins\/seo\/ -->\n<title>IPVA E Multas - Consultoria BPR<\/title>\n<meta name=\"robots\" content=\"index, follow, max-snippet:-1, max-image-preview:large, max-video-preview:-1\" \/>\n<link rel=\"canonical\" href=\"https:\/\/consultoriabpr.com.br\/site\/servicos\/divida-de-ipva-e-multas\/\" \/>\n<meta property=\"og:locale\" content=\"pt_BR\" \/>\n<meta property=\"og:type\" content=\"article\" \/>\n<meta property=\"og:title\" content=\"IPVA E Multas - Consultoria BPR\" \/>\n<meta property=\"og:description\" content=\"SOLU\u00c7\u00d5ES PARA D\u00cdVIDA DE IPVA E MULTAS Enquanto voc\u00ea n\u00e3o regulariza o pagamento do IPVA atrasado, n\u00e3o pode fazer o licenciamento do ve\u00edculo. E, quem \u00e9 pego com o licenciamento irregular, tamb\u00e9m corre o risco de ter o carro apreendido. Mas as consequ\u00eancias n\u00e3o param por a\u00ed. Confira abaixo o que pode acontecer se voc\u00ea...\" \/>\n<meta property=\"og:url\" content=\"https:\/\/consultoriabpr.com.br\/site\/servicos\/divida-de-ipva-e-multas\/\" \/>\n<meta property=\"og:site_name\" content=\"Consultoria BPR\" \/>\n<meta property=\"article:modified_time\" content=\"2021-08-13T14:27:21+00:00\" \/>\n<meta property=\"og:image\" content=\"https:\/\/consultoriabpr.com.br\/site\/wp-content\/uploads\/2020\/11\/ipva-multas.jpg\" \/>\n<meta name=\"twitter:card\" content=\"summary_large_image\" \/>\n<meta name=\"twitter:label1\" content=\"Written by\">\n\t<meta name=\"twitter:data1\" content=\"bpr\">\n\t<meta name=\"twitter:label2\" content=\"Est. reading time\">\n\t<meta name=\"twitter:data2\" content=\"1 minuto\">\n<script type=\"application\/ld+json\" class=\"yoast-schema-graph\">{\"@context\":\"https:\/\/schema.org\",\"@graph\":[{\"@type\":\"Organization\",\"@id\":\"https:\/\/consultoriabpr.com.br\/site\/#organization\",\"name\":\"BPR Consultoria\",\"url\":\"https:\/\/consultoriabpr.com.br\/site\/\",\"sameAs\":[],\"logo\":{\"@type\":\"ImageObject\",\"@id\":\"https:\/\/consultoriabpr.com.br\/site\/#logo\",\"inLanguage\":\"pt-BR\",\"url\":\"https:\/\/consultoriabpr.com.br\/site\/wp-content\/uploads\/2020\/11\/bpr-consultoria-logo.png\",\"width\":1681,\"height\":466,\"caption\":\"BPR Consultoria\"},\"image\":{\"@id\":\"https:\/\/consultoriabpr.com.br\/site\/#logo\"}},{\"@type\":\"WebSite\",\"@id\":\"https:\/\/consultoriabpr.com.br\/site\/#website\",\"url\":\"https:\/\/consultoriabpr.com.br\/site\/\",\"name\":\"Consultoria BPR\",\"description\":\"BPR Consultoria - Solu\\u00e7\\u00f5es para Traquilidade Financeira Limpe seu nome do SPC e SERASA resgate cheques atrasados e protestos, negocie d\\u00edvidas e reduza juros\",\"publisher\":{\"@id\":\"https:\/\/consultoriabpr.com.br\/site\/#organization\"},\"potentialAction\":[{\"@type\":\"SearchAction\",\"target\":\"https:\/\/consultoriabpr.com.br\/site\/?s={search_term_string}\",\"query-input\":\"required name=search_term_string\"}],\"inLanguage\":\"pt-BR\"},{\"@type\":\"ImageObject\",\"@id\":\"https:\/\/consultoriabpr.com.br\/site\/servicos\/divida-de-ipva-e-multas\/#primaryimage\",\"inLanguage\":\"pt-BR\",\"url\":\"https:\/\/consultoriabpr.com.br\/site\/wp-content\/uploads\/2020\/11\/ipva-multas.jpg\",\"width\":800,\"height\":440},{\"@type\":\"WebPage\",\"@id\":\"https:\/\/consultoriabpr.com.br\/site\/servicos\/divida-de-ipva-e-multas\/#webpage\",\"url\":\"https:\/\/consultoriabpr.com.br\/site\/servicos\/divida-de-ipva-e-multas\/\",\"name\":\"IPVA E Multas - Consultoria BPR\",\"isPartOf\":{\"@id\":\"https:\/\/consultoriabpr.com.br\/site\/#website\"},\"primaryImageOfPage\":{\"@id\":\"https:\/\/consultoriabpr.com.br\/site\/servicos\/divida-de-ipva-e-multas\/#primaryimage\"},\"datePublished\":\"2020-05-12T08:08:01+00:00\",\"dateModified\":\"2021-08-13T14:27:21+00:00\",\"inLanguage\":\"pt-BR\",\"potentialAction\":[{\"@type\":\"ReadAction\",\"target\":[\"https:\/\/consultoriabpr.com.br\/site\/servicos\/divida-de-ipva-e-multas\/\"]}]}]}<\/script>\n<!-- \/ Yoast SEO plugin. -->","_links":{"self":[{"href":"https:\/\/consultoriabpr.com.br\/site\/wp-json\/wp\/v2\/pages\/5885"}],"collection":[{"href":"https:\/\/consultoriabpr.com.br\/site\/wp-json\/wp\/v2\/pages"}],"about":[{"href":"https:\/\/consultoriabpr.com.br\/site\/wp-json\/wp\/v2\/types\/page"}],"author":[{"embeddable":true,"href":"https:\/\/consultoriabpr.com.br\/site\/wp-json\/wp\/v2\/users\/1"}],"replies":[{"embeddable":true,"href":"https:\/\/consultoriabpr.com.br\/site\/wp-json\/wp\/v2\/comments?post=5885"}],"version-history":[{"count":8,"href":"https:\/\/consultoriabpr.com.br\/site\/wp-json\/wp\/v2\/pages\/5885\/revisions"}],"predecessor-version":[{"id":10820,"href":"https:\/\/consultoriabpr.com.br\/site\/wp-json\/wp\/v2\/pages\/5885\/revisions\/10820"}],"up":[{"embeddable":true,"href":"https:\/\/consultoriabpr.com.br\/site\/wp-json\/wp\/v2\/pages\/2152"}],"wp:attachment":[{"href":"https:\/\/consultoriabpr.com.br\/site\/wp-json\/wp\/v2\/media?parent=5885"}],"curies":[{"name":"wp","href":"https:\/\/api.w.org\/{rel}","templated":true}]}}