{"id":5879,"date":"2020-05-12T08:06:47","date_gmt":"2020-05-12T08:06:47","guid":{"rendered":"http:\/\/rstheme.com\/products\/wordpress\/reobiz\/?page_id=5879"},"modified":"2024-01-25T17:32:36","modified_gmt":"2024-01-25T17:32:36","slug":"divida-cartao-de-credito","status":"publish","type":"page","link":"https:\/\/consultoriabpr.com.br\/site\/servicos\/divida-cartao-de-credito\/","title":{"rendered":"Divida Cart\u00e3o de cr\u00e9dito"},"content":{"rendered":"<p><img loading=\"lazy\" src=\"https:\/\/consultoriabpr.com.br\/site\/wp-content\/uploads\/2020\/11\/divida-cartao-credito.jpg\" sizes=\"(max-width: 700px) 100vw, 700px\" srcset=\"https:\/\/consultoriabpr.com.br\/site\/wp-content\/uploads\/2020\/11\/divida-cartao-credito.jpg 700w, https:\/\/consultoriabpr.com.br\/site\/wp-content\/uploads\/2020\/11\/divida-cartao-credito-300x171.jpg 300w, https:\/\/consultoriabpr.com.br\/site\/wp-content\/uploads\/2020\/11\/divida-cartao-credito-600x343.jpg 600w\" alt=\"\" width=\"700\" height=\"400\" \/><\/p>\n<h2>Solu\u00e7\u00f5es para D\u00edvida com Cart\u00e3o de Cr\u00e9dito<\/h2>\n<h3 style=\"box-sizing: inherit; margin-bottom: 0.9375rem; font-family: Raleway, Helvetica, Arial, sans-serif; line-height: 1.1; color: #333333; font-size: 1.25rem; word-break: break-word; overflow-wrap: break-word; letter-spacing: normal;\">Solu\u00e7\u00f5es para D\u00edvida com Cart\u00e3o de Cr\u00e9dito<\/h3>\n<p style=\"box-sizing: inherit; margin-bottom: 0.9375rem; word-break: break-word; overflow-wrap: break-word;\">O que \u00e9 bem comum de se acontecer \u00e9 pagar o m\u00ednimo do cart\u00e3o. Mas se nem isso voc\u00ea conseguir, voc\u00ea entrar\u00e1 no rotativo e sua d\u00edvida de cart\u00e3o de cr\u00e9dito ser\u00e1 atualizada a 445% ao ano, segundo dados do\u00a0<a style=\"box-sizing: inherit; color: #1e73be; touch-action: manipulation;\" href=\"https:\/\/www.bcb.gov.br\/\">Banco Central<\/a>\u00a0de maio de 2017. Esses n\u00fameros j\u00e1 chegaram a quase 550% ao ano, mas recentemente passaram por uma redu\u00e7\u00e3o significativa devido \u00e0s novas regras do cart\u00e3o de cr\u00e9dito.<\/p>\n<p style=\"box-sizing: inherit; margin-bottom: 0.9375rem; word-break: break-word; overflow-wrap: break-word;\">Se voc\u00ea continuar n\u00e3o pagando nos pr\u00f3ximos 30 dias, a d\u00edvida entra no parcelado e voc\u00ea precisa negociar a forma de pagamento com o banco. A falta de pagamento pode fazer com que o banco inscreva o seu nome nos \u00f3rg\u00e3os de prote\u00e7\u00e3o ao cr\u00e9dito, e voc\u00ea vai ficar com o nome sujo.<\/p>\n<p style=\"box-sizing: inherit; margin-bottom: 0.9375rem; word-break: break-word; overflow-wrap: break-word;\"><a style=\"box-sizing: inherit; color: #1e73be; touch-action: manipulation;\" href=\"https:\/\/consultoriabpr.com.br\/contato-bpr-consultoria\/\">Verifique com os nossos atendentes a taxa de juros abusivos<\/a>\u00a0e os descontos que pode ganhar da d\u00edvida de seu cart\u00e3o de cr\u00e9dito.<\/p>\n<p><!-- Style 1 Start --><br \/>\n<!-- Style 1 End --><\/p>\n<h2>Tire suas d\u00favidas. Ligue agora mesmo:<\/h2>\n<h2>(11) 3279-9797<\/h2>\n<h3>WHATSAPP<\/h3>\n<p><a role=\"button\" href=\"https:\/\/api.whatsapp.com\/send?phone=5511962663363&amp;text=Ola%20BRR\"><br \/>\nClique e fale agora!<br \/>\n<\/a><\/p>\n","protected":false},"excerpt":{"rendered":"<p>Solu\u00e7\u00f5es para D\u00edvida com Cart\u00e3o de Cr\u00e9dito Solu\u00e7\u00f5es para D\u00edvida com Cart\u00e3o de Cr\u00e9dito O que \u00e9 bem comum de se acontecer \u00e9 pagar o m\u00ednimo do cart\u00e3o. Mas se nem isso voc\u00ea conseguir, voc\u00ea entrar\u00e1 no rotativo e sua d\u00edvida de cart\u00e3o de cr\u00e9dito ser\u00e1 atualizada a 445% ao ano, segundo dados do\u00a0Banco Central\u00a0de&#8230;<\/p>\n","protected":false},"author":1,"featured_media":0,"parent":2152,"menu_order":0,"comment_status":"closed","ping_status":"closed","template":"","meta":[],"yoast_head":"<!-- This site is optimized with the Yoast SEO plugin v15.2.1 - https:\/\/yoast.com\/wordpress\/plugins\/seo\/ -->\n<title>Divida Cart\u00e3o de cr\u00e9dito - Consultoria BPR<\/title>\n<meta name=\"robots\" content=\"index, follow, max-snippet:-1, max-image-preview:large, max-video-preview:-1\" \/>\n<link rel=\"canonical\" href=\"https:\/\/consultoriabpr.com.br\/site\/servicos\/divida-cartao-de-credito\/\" \/>\n<meta property=\"og:locale\" content=\"pt_BR\" \/>\n<meta property=\"og:type\" content=\"article\" \/>\n<meta property=\"og:title\" content=\"Divida Cart\u00e3o de cr\u00e9dito - Consultoria BPR\" \/>\n<meta property=\"og:description\" content=\"Solu\u00e7\u00f5es para D\u00edvida com Cart\u00e3o de Cr\u00e9dito Solu\u00e7\u00f5es para D\u00edvida com Cart\u00e3o de Cr\u00e9dito O que \u00e9 bem comum de se acontecer \u00e9 pagar o m\u00ednimo do cart\u00e3o. Mas se nem isso voc\u00ea conseguir, voc\u00ea entrar\u00e1 no rotativo e sua d\u00edvida de cart\u00e3o de cr\u00e9dito ser\u00e1 atualizada a 445% ao ano, segundo dados do\u00a0Banco Central\u00a0de...\" \/>\n<meta property=\"og:url\" content=\"https:\/\/consultoriabpr.com.br\/site\/servicos\/divida-cartao-de-credito\/\" \/>\n<meta property=\"og:site_name\" content=\"Consultoria BPR\" \/>\n<meta property=\"article:modified_time\" content=\"2024-01-25T17:32:36+00:00\" \/>\n<meta property=\"og:image\" content=\"https:\/\/consultoriabpr.com.br\/site\/wp-content\/uploads\/2020\/11\/divida-cartao-credito.jpg\" \/>\n<meta name=\"twitter:card\" content=\"summary_large_image\" \/>\n<meta name=\"twitter:label1\" content=\"Written by\">\n\t<meta name=\"twitter:data1\" content=\"bpr\">\n\t<meta name=\"twitter:label2\" content=\"Est. reading time\">\n\t<meta name=\"twitter:data2\" content=\"1 minuto\">\n<script type=\"application\/ld+json\" class=\"yoast-schema-graph\">{\"@context\":\"https:\/\/schema.org\",\"@graph\":[{\"@type\":\"Organization\",\"@id\":\"https:\/\/consultoriabpr.com.br\/site\/#organization\",\"name\":\"BPR Consultoria\",\"url\":\"https:\/\/consultoriabpr.com.br\/site\/\",\"sameAs\":[],\"logo\":{\"@type\":\"ImageObject\",\"@id\":\"https:\/\/consultoriabpr.com.br\/site\/#logo\",\"inLanguage\":\"pt-BR\",\"url\":\"https:\/\/consultoriabpr.com.br\/site\/wp-content\/uploads\/2020\/11\/bpr-consultoria-logo.png\",\"width\":1681,\"height\":466,\"caption\":\"BPR Consultoria\"},\"image\":{\"@id\":\"https:\/\/consultoriabpr.com.br\/site\/#logo\"}},{\"@type\":\"WebSite\",\"@id\":\"https:\/\/consultoriabpr.com.br\/site\/#website\",\"url\":\"https:\/\/consultoriabpr.com.br\/site\/\",\"name\":\"Consultoria BPR\",\"description\":\"BPR Consultoria - Solu\\u00e7\\u00f5es para Traquilidade Financeira Limpe seu nome do SPC e SERASA resgate cheques atrasados e protestos, negocie d\\u00edvidas e reduza juros\",\"publisher\":{\"@id\":\"https:\/\/consultoriabpr.com.br\/site\/#organization\"},\"potentialAction\":[{\"@type\":\"SearchAction\",\"target\":\"https:\/\/consultoriabpr.com.br\/site\/?s={search_term_string}\",\"query-input\":\"required name=search_term_string\"}],\"inLanguage\":\"pt-BR\"},{\"@type\":\"ImageObject\",\"@id\":\"https:\/\/consultoriabpr.com.br\/site\/servicos\/divida-cartao-de-credito\/#primaryimage\",\"inLanguage\":\"pt-BR\",\"url\":\"https:\/\/consultoriabpr.com.br\/site\/wp-content\/uploads\/2020\/11\/divida-cartao-credito.jpg\",\"width\":700,\"height\":400},{\"@type\":\"WebPage\",\"@id\":\"https:\/\/consultoriabpr.com.br\/site\/servicos\/divida-cartao-de-credito\/#webpage\",\"url\":\"https:\/\/consultoriabpr.com.br\/site\/servicos\/divida-cartao-de-credito\/\",\"name\":\"Divida Cart\\u00e3o de cr\\u00e9dito - Consultoria BPR\",\"isPartOf\":{\"@id\":\"https:\/\/consultoriabpr.com.br\/site\/#website\"},\"primaryImageOfPage\":{\"@id\":\"https:\/\/consultoriabpr.com.br\/site\/servicos\/divida-cartao-de-credito\/#primaryimage\"},\"datePublished\":\"2020-05-12T08:06:47+00:00\",\"dateModified\":\"2024-01-25T17:32:36+00:00\",\"inLanguage\":\"pt-BR\",\"potentialAction\":[{\"@type\":\"ReadAction\",\"target\":[\"https:\/\/consultoriabpr.com.br\/site\/servicos\/divida-cartao-de-credito\/\"]}]}]}<\/script>\n<!-- \/ Yoast SEO plugin. -->","_links":{"self":[{"href":"https:\/\/consultoriabpr.com.br\/site\/wp-json\/wp\/v2\/pages\/5879"}],"collection":[{"href":"https:\/\/consultoriabpr.com.br\/site\/wp-json\/wp\/v2\/pages"}],"about":[{"href":"https:\/\/consultoriabpr.com.br\/site\/wp-json\/wp\/v2\/types\/page"}],"author":[{"embeddable":true,"href":"https:\/\/consultoriabpr.com.br\/site\/wp-json\/wp\/v2\/users\/1"}],"replies":[{"embeddable":true,"href":"https:\/\/consultoriabpr.com.br\/site\/wp-json\/wp\/v2\/comments?post=5879"}],"version-history":[{"count":10,"href":"https:\/\/consultoriabpr.com.br\/site\/wp-json\/wp\/v2\/pages\/5879\/revisions"}],"predecessor-version":[{"id":10959,"href":"https:\/\/consultoriabpr.com.br\/site\/wp-json\/wp\/v2\/pages\/5879\/revisions\/10959"}],"up":[{"embeddable":true,"href":"https:\/\/consultoriabpr.com.br\/site\/wp-json\/wp\/v2\/pages\/2152"}],"wp:attachment":[{"href":"https:\/\/consultoriabpr.com.br\/site\/wp-json\/wp\/v2\/media?parent=5879"}],"curies":[{"name":"wp","href":"https:\/\/api.w.org\/{rel}","templated":true}]}}