{"id":5877,"date":"2020-05-12T08:05:33","date_gmt":"2020-05-12T08:05:33","guid":{"rendered":"http:\/\/rstheme.com\/products\/wordpress\/reobiz\/?page_id=5877"},"modified":"2021-08-13T14:29:36","modified_gmt":"2021-08-13T14:29:36","slug":"cheques-devolvidos-protestos","status":"publish","type":"page","link":"https:\/\/consultoriabpr.com.br\/site\/servicos\/cheques-devolvidos-protestos\/","title":{"rendered":"Cheques devolvidos ou Protestos"},"content":{"rendered":"\t\t<div data-elementor-type=\"wp-page\" data-elementor-id=\"5877\" class=\"elementor elementor-5877\" data-elementor-settings=\"[]\">\n\t\t\t\t\t\t<div class=\"elementor-inner\">\n\t\t\t\t\t\t\t<div class=\"elementor-section-wrap\">\n\t\t\t\t\t\t\t<section class=\"elementor-section elementor-top-section elementor-element elementor-element-ea98ee6 elementor-section-boxed elementor-section-height-default elementor-section-height-default\" data-id=\"ea98ee6\" data-element_type=\"section\">\n\t\t\t\t\t\t<div class=\"elementor-container elementor-column-gap-default\">\n\t\t\t\t\t\t\t<div class=\"elementor-row\">\n\t\t\t\t\t<div class=\"elementor-column elementor-col-50 elementor-top-column elementor-element elementor-element-1f1784f\" data-id=\"1f1784f\" data-element_type=\"column\">\n\t\t\t<div class=\"elementor-column-wrap elementor-element-populated\">\n\t\t\t\t\t\t\t<div class=\"elementor-widget-wrap\">\n\t\t\t\t\t\t<div class=\"elementor-element elementor-element-fe18430 elementor-widget elementor-widget-image\" data-id=\"fe18430\" data-element_type=\"widget\" data-widget_type=\"image.default\">\n\t\t\t\t<div class=\"elementor-widget-container\">\n\t\t\t\t\t<div class=\"elementor-image\">\n\t\t\t\t\t\t\t\t\t\t<img width=\"650\" height=\"366\" src=\"https:\/\/consultoriabpr.com.br\/site\/wp-content\/uploads\/2020\/11\/cheques-devolvidos.jpg\" class=\"attachment-full size-full\" alt=\"\" loading=\"lazy\" srcset=\"https:\/\/consultoriabpr.com.br\/site\/wp-content\/uploads\/2020\/11\/cheques-devolvidos.jpg 650w, https:\/\/consultoriabpr.com.br\/site\/wp-content\/uploads\/2020\/11\/cheques-devolvidos-300x169.jpg 300w, https:\/\/consultoriabpr.com.br\/site\/wp-content\/uploads\/2020\/11\/cheques-devolvidos-600x338.jpg 600w\" sizes=\"(max-width: 650px) 100vw, 650px\" \/>\t\t\t\t\t\t\t\t\t\t\t<\/div>\n\t\t\t\t<\/div>\n\t\t\t\t<\/div>\n\t\t\t\t<div class=\"elementor-element elementor-element-5ba2c7b elementor-widget elementor-widget-heading\" data-id=\"5ba2c7b\" data-element_type=\"widget\" data-widget_type=\"heading.default\">\n\t\t\t\t<div class=\"elementor-widget-container\">\n\t\t\t<h2 class=\"elementor-heading-title elementor-size-default\">Cheques Devolvidos e Protestos N\u00e3o Ser\u00e3o Mais um Problema<\/h2>\t\t<\/div>\n\t\t\t\t<\/div>\n\t\t\t\t<div class=\"elementor-element elementor-element-d50abdc elementor-widget elementor-widget-text-editor\" data-id=\"d50abdc\" data-element_type=\"widget\" data-widget_type=\"text-editor.default\">\n\t\t\t\t<div class=\"elementor-widget-container\">\n\t\t\t\t\t<div class=\"elementor-text-editor elementor-clearfix\"><h3><strong>PROBLEMA COM CHEQUES ?<\/strong><\/h3><p>O Banco Central possui uma lista com os\u00a036 motivos de devolu\u00e7\u00e3o de cheques.<\/p><p>Os mais comuns s\u00e3o os<\/p><ul><li>Motivo 11: Cheque sem fundos \u2013 1\u00aa apresenta\u00e7\u00e3o<\/li><li>Motivo 12: Cheque sem fundos \u2013 2\u00aa apresenta\u00e7\u00e3o<\/li><\/ul><p>Neste documento, s\u00e3o listadas as poss\u00edveis ocorr\u00eancias e separadas de acordo com c\u00f3digos e classifica\u00e7\u00f5es. Os casos v\u00e3o desde falta de fundos at\u00e9 equ\u00edvocos no preenchimento.<\/p><p>Quando um cheque \u00e9 devolvido, a institui\u00e7\u00e3o respons\u00e1vel pelo recebimento deve anotar o n\u00famero do motivo no verso da folha.<\/p><p>N\u00f3s realizamos a verifica\u00e7\u00e3o do motivo que levou a devolu\u00e7\u00e3o do cheque, assim como a localiza\u00e7\u00e3o do nominal e o acordo para poss\u00edvel parcelmaneto do t\u00edtulo, ou caso sejam necess\u00e1rios a excludente dos t\u00edtulos de cr\u00e9dito por via judicial.<\/p><\/div>\n\t\t\t\t<\/div>\n\t\t\t\t<\/div>\n\t\t\t\t<section class=\"elementor-section elementor-inner-section elementor-element elementor-element-aff1c36 elementor-section-boxed elementor-section-height-default elementor-section-height-default\" data-id=\"aff1c36\" data-element_type=\"section\">\n\t\t\t\t\t\t<div class=\"elementor-container elementor-column-gap-default\">\n\t\t\t\t\t\t\t<div class=\"elementor-row\">\n\t\t\t\t\t<div class=\"elementor-column elementor-col-100 elementor-inner-column elementor-element elementor-element-7577a80\" data-id=\"7577a80\" data-element_type=\"column\">\n\t\t\t<div class=\"elementor-column-wrap elementor-element-populated\">\n\t\t\t\t\t\t\t<div class=\"elementor-widget-wrap\">\n\t\t\t\t\t\t<div class=\"elementor-element elementor-element-f48f405 elementor-widget elementor-widget-rsfeatureslist\" data-id=\"f48f405\" data-element_type=\"widget\" data-widget_type=\"rsfeatureslist.default\">\n\t\t\t\t<div class=\"elementor-widget-container\">\n\t\t\t \n\n        <div class=\"rs-features-list-content\">        \n\n                                    <ul class=\"rs-features-list\">\n                                                    <li class=\"elementor-repeater-item-e173c11\">\n                                                                    <i class=\"fa fa-check-circle\"><\/i>\n                                                                <span class=\"rs-feature-text\">Entre em contato!<\/span>\n                            <\/li>\n                                            <\/ul>\n                            \n        <\/div>\n        \t\t<\/div>\n\t\t\t\t<\/div>\n\t\t\t\t\t\t<\/div>\n\t\t\t\t\t<\/div>\n\t\t<\/div>\n\t\t\t\t\t\t\t\t<\/div>\n\t\t\t\t\t<\/div>\n\t\t<\/section>\n\t\t\t\t<section class=\"elementor-section elementor-inner-section elementor-element elementor-element-5654dd8 elementor-section-boxed elementor-section-height-default elementor-section-height-default\" data-id=\"5654dd8\" data-element_type=\"section\">\n\t\t\t\t\t\t<div class=\"elementor-container elementor-column-gap-default\">\n\t\t\t\t\t\t\t<div class=\"elementor-row\">\n\t\t\t\t\t<div class=\"elementor-column elementor-col-100 elementor-inner-column elementor-element elementor-element-fa31114\" data-id=\"fa31114\" data-element_type=\"column\">\n\t\t\t<div class=\"elementor-column-wrap elementor-element-populated\">\n\t\t\t\t\t\t\t<div class=\"elementor-widget-wrap\">\n\t\t\t\t\t\t<div class=\"elementor-element elementor-element-eb3c6f8 elementor-widget elementor-widget-text-editor\" data-id=\"eb3c6f8\" data-element_type=\"widget\" data-widget_type=\"text-editor.default\">\n\t\t\t\t<div class=\"elementor-widget-container\">\n\t\t\t\t\t<div class=\"elementor-text-editor elementor-clearfix\"><h3><strong>PROBLEMAS COM PROTESTOS<\/strong><\/h3><p>Muitas pessoas n\u00e3o entendem o que \u00e9 estar protestado e quais s\u00e3o passos para eliminar essa pend\u00eancia. Um protesto \u00e9 quando uma pessoa ou empresa deixa de pagar algum t\u00edtulo e o credor registra essa d\u00edvida com cart\u00f3rio.<\/p><p>Nosso departamento Jur\u00eddico ir\u00e1 verificar a localiza\u00e7\u00e3o da pessoa ou empresa que realizou a negativa\u00e7\u00e3o de seu nome.<\/p><p>Com as informa\u00e7\u00f5es do credor e da d\u00edvida:<\/p><ol><li>Fazemos o acordo para o parcelamento das suas d\u00edvidas<\/li><li>Pedir ao credor a carta de anu\u00eancia (declara\u00e7\u00e3o onde o credor autoriza que o t\u00edtulo ou documento de d\u00edvida protesto seja cancelado).<\/li><li>Libera\u00e7\u00e3o a carta de anu\u00eancia ao cart\u00f3rio para retirar o protesto do seu nome.<\/li><\/ol><p>Cheques devolvidos e protestos podem ser solucionados, entre em\u00a0<a href=\"https:\/\/consultoriabpr.com.br\/contato-bpr-consultoria\/\">contato com nossa consultoria<\/a><\/p><\/div>\n\t\t\t\t<\/div>\n\t\t\t\t<\/div>\n\t\t\t\t\t\t<\/div>\n\t\t\t\t\t<\/div>\n\t\t<\/div>\n\t\t\t\t\t\t\t\t<\/div>\n\t\t\t\t\t<\/div>\n\t\t<\/section>\n\t\t\t\t\t\t<\/div>\n\t\t\t\t\t<\/div>\n\t\t<\/div>\n\t\t\t\t<div class=\"elementor-column elementor-col-50 elementor-top-column elementor-element elementor-element-4be8aba bs-sidebar dynamic-sidebar\" data-id=\"4be8aba\" data-element_type=\"column\">\n\t\t\t<div class=\"elementor-column-wrap elementor-element-populated\">\n\t\t\t\t\t\t\t<div class=\"elementor-widget-wrap\">\n\t\t\t\t\t\t<div class=\"elementor-element elementor-element-e4091c2 elementor-widget elementor-widget-sidebar\" data-id=\"e4091c2\" data-element_type=\"widget\" data-widget_type=\"sidebar.default\">\n\t\t\t\t<div class=\"elementor-widget-container\">\n\t\t\t<div id=\"nav_menu-1\" class=\"service-singles widget widget_nav_menu\"><div class=\"menu-services-container\"><ul id=\"menu-services\" class=\"menu\"><li id=\"menu-item-2313\" class=\"menu-item menu-item-type-post_type menu-item-object-page menu-item-2313\"><a href=\"https:\/\/consultoriabpr.com.br\/site\/servicos\/limpar-nome\/\">Limpar Nome<\/a><\/li>\n<li id=\"menu-item-5890\" class=\"menu-item menu-item-type-post_type menu-item-object-page menu-item-5890\"><a href=\"https:\/\/consultoriabpr.com.br\/site\/servicos\/divida-imovel\/\">D\u00edvida Imovel<\/a><\/li>\n<li id=\"menu-item-5891\" class=\"menu-item menu-item-type-post_type menu-item-object-page menu-item-5891\"><a href=\"https:\/\/consultoriabpr.com.br\/site\/servicos\/cheques-devolvidos-protestos\/\">Cheques devolvidos ou Protestos<\/a><\/li>\n<li id=\"menu-item-5892\" class=\"menu-item menu-item-type-post_type menu-item-object-page menu-item-5892\"><a href=\"https:\/\/consultoriabpr.com.br\/site\/servicos\/divida-cartao-de-credito\/\">Divida Cart\u00e3o de cr\u00e9dito<\/a><\/li>\n<li id=\"menu-item-5894\" class=\"menu-item menu-item-type-post_type menu-item-object-page menu-item-5894\"><a href=\"https:\/\/consultoriabpr.com.br\/site\/servicos\/divida-veiculos\/\">D\u00edvida de Ve\u00edculos<\/a><\/li>\n<li id=\"menu-item-5895\" class=\"menu-item menu-item-type-post_type menu-item-object-page menu-item-5895\"><a href=\"https:\/\/consultoriabpr.com.br\/site\/servicos\/divida-de-ipva-e-multas\/\">IPVA E Multas<\/a><\/li>\n<li id=\"menu-item-10843\" class=\"menu-item menu-item-type-post_type menu-item-object-page menu-item-10843\"><a href=\"https:\/\/consultoriabpr.com.br\/site\/servicos\/super-endividamento\/\">Super Endividamento<\/a><\/li>\n<\/ul><\/div><\/div>\t\t<\/div>\n\t\t\t\t<\/div>\n\t\t\t\t<section class=\"elementor-section elementor-inner-section elementor-element elementor-element-4e2a421 elementor-section-boxed elementor-section-height-default elementor-section-height-default\" data-id=\"4e2a421\" data-element_type=\"section\">\n\t\t\t\t\t\t<div class=\"elementor-container elementor-column-gap-default\">\n\t\t\t\t\t\t\t<div class=\"elementor-row\">\n\t\t\t\t\t<div class=\"elementor-column elementor-col-100 elementor-inner-column elementor-element elementor-element-06a0979\" data-id=\"06a0979\" data-element_type=\"column\" data-settings=\"{&quot;background_background&quot;:&quot;classic&quot;}\">\n\t\t\t<div class=\"elementor-column-wrap elementor-element-populated\">\n\t\t\t\t\t\t\t<div class=\"elementor-widget-wrap\">\n\t\t\t\t\t\t<div class=\"elementor-element elementor-element-0d052a9 phones elementor-widget elementor-widget-rs-contact-box\" data-id=\"0d052a9\" data-element_type=\"widget\" data-widget_type=\"rs-contact-box.default\">\n\t\t\t\t<div class=\"elementor-widget-container\">\n\t\t\t\t\t\r\n\r\n\t\t<!-- Style 1 Start -->\r\n\t\t<div class=\"rs-contact-box\">\r\n\r\n\t\t\t\t\t\t<div class=\"address-item vertical boxstyle1\">\r\n\r\n\t\t\t\t\t\t\t            <div class=\"address-icon\">\r\n\t\t            \t\t\t            \t\t<i class=\"fa fa-phone\"><\/i>\r\n\t\t            \t\t\t            <\/div>\r\n\t\t            \r\n\t\t            <div class=\"address-text\">\r\n\t\t            \t\r\n\r\n\t\t            \t\r\n\r\n\t\t            \t\t\t            <\/div>\r\n\t\t        <\/div>\r\n\t\t\t\t\t<\/div>\r\n\r\n\t<!-- Style 1 End -->\t\r\n\t\t\r\n\t\t\t<\/div>\n\t\t\t\t<\/div>\n\t\t\t\t<div class=\"elementor-element elementor-element-b32c6b7 elementor-widget elementor-widget-heading\" data-id=\"b32c6b7\" data-element_type=\"widget\" data-widget_type=\"heading.default\">\n\t\t\t\t<div class=\"elementor-widget-container\">\n\t\t\t<h2 class=\"elementor-heading-title elementor-size-default\">Tire suas d\u00favidas. Ligue agora mesmo:<\/h2>\t\t<\/div>\n\t\t\t\t<\/div>\n\t\t\t\t<div class=\"elementor-element elementor-element-7c91e18 elementor-widget elementor-widget-heading\" data-id=\"7c91e18\" data-element_type=\"widget\" data-widget_type=\"heading.default\">\n\t\t\t\t<div class=\"elementor-widget-container\">\n\t\t\t<h2 class=\"elementor-heading-title elementor-size-default\">(11) 3279-9797<\/h2>\t\t<\/div>\n\t\t\t\t<\/div>\n\t\t\t\t\t\t<\/div>\n\t\t\t\t\t<\/div>\n\t\t<\/div>\n\t\t\t\t\t\t\t\t<\/div>\n\t\t\t\t\t<\/div>\n\t\t<\/section>\n\t\t\t\t<section class=\"elementor-section elementor-inner-section elementor-element elementor-element-3c71718 elementor-section-boxed elementor-section-height-default elementor-section-height-default\" data-id=\"3c71718\" data-element_type=\"section\" data-settings=\"{&quot;background_background&quot;:&quot;classic&quot;}\">\n\t\t\t\t\t\t<div class=\"elementor-container elementor-column-gap-default\">\n\t\t\t\t\t\t\t<div class=\"elementor-row\">\n\t\t\t\t\t<div class=\"elementor-column elementor-col-100 elementor-inner-column elementor-element elementor-element-f1364e9\" data-id=\"f1364e9\" data-element_type=\"column\">\n\t\t\t<div class=\"elementor-column-wrap elementor-element-populated\">\n\t\t\t\t\t\t\t<div class=\"elementor-widget-wrap\">\n\t\t\t\t\t\t<div class=\"elementor-element elementor-element-d0987e3 elementor-widget elementor-widget-rs-heading\" data-id=\"d0987e3\" data-element_type=\"widget\" data-widget_type=\"rs-heading.default\">\n\t\t\t\t<div class=\"elementor-widget-container\">\n\t\t\t        <div class=\"rs-heading default center \">\r\n        \t<div class=\"title-inner\">\r\n        \t\t      \t\t\r\n\t            <h3 class=\"title\"><span class=\"watermark\"><\/span>WHATSAPP<\/h3>\t        <\/div>\r\n\t                <\/div>\r\n\r\n        \t\t<\/div>\n\t\t\t\t<\/div>\n\t\t\t\t<div class=\"elementor-element elementor-element-a597090 elementor-align-center elementor-widget elementor-widget-button\" data-id=\"a597090\" data-element_type=\"widget\" data-widget_type=\"button.default\">\n\t\t\t\t<div class=\"elementor-widget-container\">\n\t\t\t\t\t<div class=\"elementor-button-wrapper\">\n\t\t\t<a href=\"https:\/\/api.whatsapp.com\/send?phone=5511962663363&#038;text=Ola%20BRR\" class=\"elementor-button-link elementor-button elementor-size-sm\" role=\"button\">\n\t\t\t\t\t\t<span class=\"elementor-button-content-wrapper\">\n\t\t\t\t\t\t<span class=\"elementor-button-icon elementor-align-icon-left\">\n\t\t\t\t<i aria-hidden=\"true\" class=\"fab fa-whatsapp\"><\/i>\t\t\t<\/span>\n\t\t\t\t\t\t<span class=\"elementor-button-text\">Clique e fale agora!<\/span>\n\t\t<\/span>\n\t\t\t\t\t<\/a>\n\t\t<\/div>\n\t\t\t\t<\/div>\n\t\t\t\t<\/div>\n\t\t\t\t\t\t<\/div>\n\t\t\t\t\t<\/div>\n\t\t<\/div>\n\t\t\t\t\t\t\t\t<\/div>\n\t\t\t\t\t<\/div>\n\t\t<\/section>\n\t\t\t\t\t\t<\/div>\n\t\t\t\t\t<\/div>\n\t\t<\/div>\n\t\t\t\t\t\t\t\t<\/div>\n\t\t\t\t\t<\/div>\n\t\t<\/section>\n\t\t\t\t\t\t<\/div>\n\t\t\t\t\t\t<\/div>\n\t\t\t\t\t<\/div>\n\t\t","protected":false},"excerpt":{"rendered":"<p>Cheques Devolvidos e Protestos N\u00e3o Ser\u00e3o Mais um Problema PROBLEMA COM CHEQUES ? O Banco Central possui uma lista com os\u00a036 motivos de devolu\u00e7\u00e3o de cheques. Os mais comuns s\u00e3o os Motivo 11: Cheque sem fundos \u2013 1\u00aa apresenta\u00e7\u00e3o Motivo 12: Cheque sem fundos \u2013 2\u00aa apresenta\u00e7\u00e3o Neste documento, s\u00e3o listadas as poss\u00edveis ocorr\u00eancias e&#8230;<\/p>\n","protected":false},"author":1,"featured_media":0,"parent":2152,"menu_order":0,"comment_status":"closed","ping_status":"closed","template":"","meta":[],"yoast_head":"<!-- This site is optimized with the Yoast SEO plugin v15.2.1 - https:\/\/yoast.com\/wordpress\/plugins\/seo\/ -->\n<title>Cheques devolvidos ou Protestos - Consultoria BPR<\/title>\n<meta name=\"robots\" content=\"index, follow, max-snippet:-1, max-image-preview:large, max-video-preview:-1\" \/>\n<link rel=\"canonical\" href=\"https:\/\/consultoriabpr.com.br\/site\/servicos\/cheques-devolvidos-protestos\/\" \/>\n<meta property=\"og:locale\" content=\"pt_BR\" \/>\n<meta property=\"og:type\" content=\"article\" \/>\n<meta property=\"og:title\" content=\"Cheques devolvidos ou Protestos - Consultoria BPR\" \/>\n<meta property=\"og:description\" content=\"Cheques Devolvidos e Protestos N\u00e3o Ser\u00e3o Mais um Problema PROBLEMA COM CHEQUES ? O Banco Central possui uma lista com os\u00a036 motivos de devolu\u00e7\u00e3o de cheques. Os mais comuns s\u00e3o os Motivo 11: Cheque sem fundos \u2013 1\u00aa apresenta\u00e7\u00e3o Motivo 12: Cheque sem fundos \u2013 2\u00aa apresenta\u00e7\u00e3o Neste documento, s\u00e3o listadas as poss\u00edveis ocorr\u00eancias e...\" \/>\n<meta property=\"og:url\" content=\"https:\/\/consultoriabpr.com.br\/site\/servicos\/cheques-devolvidos-protestos\/\" \/>\n<meta property=\"og:site_name\" content=\"Consultoria BPR\" \/>\n<meta property=\"article:modified_time\" content=\"2021-08-13T14:29:36+00:00\" \/>\n<meta property=\"og:image\" content=\"https:\/\/consultoriabpr.com.br\/site\/wp-content\/uploads\/2020\/11\/cheques-devolvidos.jpg\" \/>\n<meta name=\"twitter:card\" content=\"summary_large_image\" \/>\n<meta name=\"twitter:label1\" content=\"Written by\">\n\t<meta name=\"twitter:data1\" content=\"bpr\">\n\t<meta name=\"twitter:label2\" content=\"Est. reading time\">\n\t<meta name=\"twitter:data2\" content=\"1 minuto\">\n<script type=\"application\/ld+json\" class=\"yoast-schema-graph\">{\"@context\":\"https:\/\/schema.org\",\"@graph\":[{\"@type\":\"Organization\",\"@id\":\"https:\/\/consultoriabpr.com.br\/site\/#organization\",\"name\":\"BPR Consultoria\",\"url\":\"https:\/\/consultoriabpr.com.br\/site\/\",\"sameAs\":[],\"logo\":{\"@type\":\"ImageObject\",\"@id\":\"https:\/\/consultoriabpr.com.br\/site\/#logo\",\"inLanguage\":\"pt-BR\",\"url\":\"https:\/\/consultoriabpr.com.br\/site\/wp-content\/uploads\/2020\/11\/bpr-consultoria-logo.png\",\"width\":1681,\"height\":466,\"caption\":\"BPR Consultoria\"},\"image\":{\"@id\":\"https:\/\/consultoriabpr.com.br\/site\/#logo\"}},{\"@type\":\"WebSite\",\"@id\":\"https:\/\/consultoriabpr.com.br\/site\/#website\",\"url\":\"https:\/\/consultoriabpr.com.br\/site\/\",\"name\":\"Consultoria BPR\",\"description\":\"BPR Consultoria - Solu\\u00e7\\u00f5es para Traquilidade Financeira Limpe seu nome do SPC e SERASA resgate cheques atrasados e protestos, negocie d\\u00edvidas e reduza juros\",\"publisher\":{\"@id\":\"https:\/\/consultoriabpr.com.br\/site\/#organization\"},\"potentialAction\":[{\"@type\":\"SearchAction\",\"target\":\"https:\/\/consultoriabpr.com.br\/site\/?s={search_term_string}\",\"query-input\":\"required name=search_term_string\"}],\"inLanguage\":\"pt-BR\"},{\"@type\":\"ImageObject\",\"@id\":\"https:\/\/consultoriabpr.com.br\/site\/servicos\/cheques-devolvidos-protestos\/#primaryimage\",\"inLanguage\":\"pt-BR\",\"url\":\"https:\/\/consultoriabpr.com.br\/site\/wp-content\/uploads\/2020\/11\/cheques-devolvidos.jpg\",\"width\":650,\"height\":366},{\"@type\":\"WebPage\",\"@id\":\"https:\/\/consultoriabpr.com.br\/site\/servicos\/cheques-devolvidos-protestos\/#webpage\",\"url\":\"https:\/\/consultoriabpr.com.br\/site\/servicos\/cheques-devolvidos-protestos\/\",\"name\":\"Cheques devolvidos ou Protestos - Consultoria BPR\",\"isPartOf\":{\"@id\":\"https:\/\/consultoriabpr.com.br\/site\/#website\"},\"primaryImageOfPage\":{\"@id\":\"https:\/\/consultoriabpr.com.br\/site\/servicos\/cheques-devolvidos-protestos\/#primaryimage\"},\"datePublished\":\"2020-05-12T08:05:33+00:00\",\"dateModified\":\"2021-08-13T14:29:36+00:00\",\"inLanguage\":\"pt-BR\",\"potentialAction\":[{\"@type\":\"ReadAction\",\"target\":[\"https:\/\/consultoriabpr.com.br\/site\/servicos\/cheques-devolvidos-protestos\/\"]}]}]}<\/script>\n<!-- \/ Yoast SEO plugin. -->","_links":{"self":[{"href":"https:\/\/consultoriabpr.com.br\/site\/wp-json\/wp\/v2\/pages\/5877"}],"collection":[{"href":"https:\/\/consultoriabpr.com.br\/site\/wp-json\/wp\/v2\/pages"}],"about":[{"href":"https:\/\/consultoriabpr.com.br\/site\/wp-json\/wp\/v2\/types\/page"}],"author":[{"embeddable":true,"href":"https:\/\/consultoriabpr.com.br\/site\/wp-json\/wp\/v2\/users\/1"}],"replies":[{"embeddable":true,"href":"https:\/\/consultoriabpr.com.br\/site\/wp-json\/wp\/v2\/comments?post=5877"}],"version-history":[{"count":8,"href":"https:\/\/consultoriabpr.com.br\/site\/wp-json\/wp\/v2\/pages\/5877\/revisions"}],"predecessor-version":[{"id":10835,"href":"https:\/\/consultoriabpr.com.br\/site\/wp-json\/wp\/v2\/pages\/5877\/revisions\/10835"}],"up":[{"embeddable":true,"href":"https:\/\/consultoriabpr.com.br\/site\/wp-json\/wp\/v2\/pages\/2152"}],"wp:attachment":[{"href":"https:\/\/consultoriabpr.com.br\/site\/wp-json\/wp\/v2\/media?parent=5877"}],"curies":[{"name":"wp","href":"https:\/\/api.w.org\/{rel}","templated":true}]}}