{"id":2292,"date":"2020-05-11T07:46:15","date_gmt":"2020-05-11T07:46:15","guid":{"rendered":"http:\/\/rstheme.com\/products\/wordpress\/reobiz\/?page_id=2292"},"modified":"2024-01-25T17:28:50","modified_gmt":"2024-01-25T17:28:50","slug":"limpar-nome","status":"publish","type":"page","link":"https:\/\/consultoriabpr.com.br\/site\/servicos\/limpar-nome\/","title":{"rendered":"Limpar Nome"},"content":{"rendered":"\t\t<div data-elementor-type=\"wp-page\" data-elementor-id=\"2292\" class=\"elementor elementor-2292\" data-elementor-settings=\"[]\">\n\t\t\t\t\t\t<div class=\"elementor-inner\">\n\t\t\t\t\t\t\t<div class=\"elementor-section-wrap\">\n\t\t\t\t\t\t\t<section class=\"elementor-section elementor-top-section elementor-element elementor-element-51474aa elementor-section-boxed elementor-section-height-default elementor-section-height-default\" data-id=\"51474aa\" data-element_type=\"section\">\n\t\t\t\t\t\t<div class=\"elementor-container elementor-column-gap-default\">\n\t\t\t\t\t\t\t<div class=\"elementor-row\">\n\t\t\t\t\t<div class=\"elementor-column elementor-col-50 elementor-top-column elementor-element elementor-element-32190d5\" data-id=\"32190d5\" data-element_type=\"column\">\n\t\t\t<div class=\"elementor-column-wrap elementor-element-populated\">\n\t\t\t\t\t\t\t<div class=\"elementor-widget-wrap\">\n\t\t\t\t\t\t<div class=\"elementor-element elementor-element-98b8fad elementor-widget elementor-widget-image\" data-id=\"98b8fad\" data-element_type=\"widget\" data-widget_type=\"image.default\">\n\t\t\t\t<div class=\"elementor-widget-container\">\n\t\t\t\t\t<div class=\"elementor-image\">\n\t\t\t\t\t\t\t\t\t\t<img width=\"500\" height=\"500\" src=\"https:\/\/consultoriabpr.com.br\/site\/wp-content\/uploads\/2020\/11\/WhatsApp-Image-2020-11-03-at-16.14.43-3-500x500.jpeg\" class=\"attachment-rsaddon-team-round-style size-rsaddon-team-round-style\" alt=\"\" loading=\"lazy\" srcset=\"https:\/\/consultoriabpr.com.br\/site\/wp-content\/uploads\/2020\/11\/WhatsApp-Image-2020-11-03-at-16.14.43-3-500x500.jpeg 500w, https:\/\/consultoriabpr.com.br\/site\/wp-content\/uploads\/2020\/11\/WhatsApp-Image-2020-11-03-at-16.14.43-3-300x300.jpeg 300w, https:\/\/consultoriabpr.com.br\/site\/wp-content\/uploads\/2020\/11\/WhatsApp-Image-2020-11-03-at-16.14.43-3-150x150.jpeg 150w, https:\/\/consultoriabpr.com.br\/site\/wp-content\/uploads\/2020\/11\/WhatsApp-Image-2020-11-03-at-16.14.43-3-768x768.jpeg 768w, https:\/\/consultoriabpr.com.br\/site\/wp-content\/uploads\/2020\/11\/WhatsApp-Image-2020-11-03-at-16.14.43-3-600x600.jpeg 600w, https:\/\/consultoriabpr.com.br\/site\/wp-content\/uploads\/2020\/11\/WhatsApp-Image-2020-11-03-at-16.14.43-3-100x100.jpeg 100w, https:\/\/consultoriabpr.com.br\/site\/wp-content\/uploads\/2020\/11\/WhatsApp-Image-2020-11-03-at-16.14.43-3.jpeg 1000w\" sizes=\"(max-width: 500px) 100vw, 500px\" \/>\t\t\t\t\t\t\t\t\t\t\t<\/div>\n\t\t\t\t<\/div>\n\t\t\t\t<\/div>\n\t\t\t\t<div class=\"elementor-element elementor-element-6b36dea elementor-widget elementor-widget-heading\" data-id=\"6b36dea\" data-element_type=\"widget\" data-widget_type=\"heading.default\">\n\t\t\t\t<div class=\"elementor-widget-container\">\n\t\t\t<h2 class=\"elementor-heading-title elementor-size-default\">Solu\u00e7\u00f5es para Limpar o Nome<\/h2>\t\t<\/div>\n\t\t\t\t<\/div>\n\t\t\t\t<div class=\"elementor-element elementor-element-c4dd3f0 elementor-widget elementor-widget-text-editor\" data-id=\"c4dd3f0\" data-element_type=\"widget\" data-widget_type=\"text-editor.default\">\n\t\t\t\t<div class=\"elementor-widget-container\">\n\t\t\t\t\t<div class=\"elementor-text-editor elementor-clearfix\"><p>Comece Agora Mesmo a Resolver Suas Restri\u00e7\u00f5es financeiras.<\/p>\n<p>A BPR Consultoria vai Renegociar Suas D\u00edvidas e Limpar Seu Nome, e voc\u00ea voltar\u00e1 a ter cr\u00e9dito no mercado.<\/p>\n<p>Com a Ajuda da BPR Consultoria voc\u00ea Pagar\u00e1 suas D\u00edvidas com Valores que cabem no seu bolso!<\/p>\n<p>Suas Pendencias Financeiras ser\u00e3o analisadas Caso a Caso e pediremos ao seu credor uma negocia\u00e7\u00e3o especial e voc\u00ea passar\u00e1 a pagar o valor justo e correto, que cabe no seu or\u00e7amento.<\/p>\n<p>Nome Sujo, D\u00edvidas Impag\u00e1veis, Juros e Multas Abusivos, Negativa\u00e7\u00e3o nos \u00f3rg\u00e3os de prote\u00e7\u00e3o ao cr\u00e9dito, Cheques Devolvidos, Financiamentos em Atraso, Protestos em Cart\u00f3rios, Cheque Especial, Cart\u00e3o de Cr\u00e9dito Estourado, n\u00e3o se preocupe, cuidamos de tudo para voc\u00ea.<\/p>\n<p>Volte a Viver tranquilo, aumente seu SCORE, volte a Comprar Novamente.<\/p>\n<p>Chame agora mesmo nossa equipe de consultores, voc\u00ea vai ter uma \u00f3tima surpresa.<\/p>\n<p>\u00c9 R\u00e1pido, F\u00e1cil e Sem Burocracias!<\/p><\/div>\n\t\t\t\t<\/div>\n\t\t\t\t<\/div>\n\t\t\t\t<section class=\"elementor-section elementor-inner-section elementor-element elementor-element-f5434f3 elementor-section-boxed elementor-section-height-default elementor-section-height-default\" data-id=\"f5434f3\" data-element_type=\"section\">\n\t\t\t\t\t\t<div class=\"elementor-container elementor-column-gap-default\">\n\t\t\t\t\t\t\t<div class=\"elementor-row\">\n\t\t\t\t\t<div class=\"elementor-column elementor-col-100 elementor-inner-column elementor-element elementor-element-56c80cc\" data-id=\"56c80cc\" data-element_type=\"column\">\n\t\t\t<div class=\"elementor-column-wrap elementor-element-populated\">\n\t\t\t\t\t\t\t<div class=\"elementor-widget-wrap\">\n\t\t\t\t\t\t<div class=\"elementor-element elementor-element-81ada87 elementor-widget elementor-widget-text-editor\" data-id=\"81ada87\" data-element_type=\"widget\" data-widget_type=\"text-editor.default\">\n\t\t\t\t<div class=\"elementor-widget-container\">\n\t\t\t\t\t<div class=\"elementor-text-editor elementor-clearfix\"><p><strong>ATEN\u00c7\u00c3O: N\u00c3O FAZEMOS EMPRESTIMOS! <\/strong><\/p><p><strong>N\u00f3s fazemos melhor: renegociamos suas d\u00edvidas para voc\u00ea pagar com tranquilidade. <\/strong><\/p><p><strong>Resolva tudo online, Super R\u00e1pido F\u00e1cil e sem nenhuma Burocracia! <\/strong><\/p><p><strong>Chame no WhatsApp Agora e fa\u00e7a sua avalia\u00e7\u00e3o completa aqui mesmo.<\/strong><\/p><p><strong>Conte conosco!<\/strong><\/p><\/div>\n\t\t\t\t<\/div>\n\t\t\t\t<\/div>\n\t\t\t\t\t\t<\/div>\n\t\t\t\t\t<\/div>\n\t\t<\/div>\n\t\t\t\t\t\t\t\t<\/div>\n\t\t\t\t\t<\/div>\n\t\t<\/section>\n\t\t\t\t<section class=\"elementor-section elementor-inner-section elementor-element elementor-element-0c961d7 elementor-section-boxed elementor-section-height-default elementor-section-height-default\" data-id=\"0c961d7\" data-element_type=\"section\">\n\t\t\t\t\t\t<div class=\"elementor-container elementor-column-gap-default\">\n\t\t\t\t\t\t\t<div class=\"elementor-row\">\n\t\t\t\t\t<div class=\"elementor-column elementor-col-100 elementor-inner-column elementor-element elementor-element-8b18b31\" data-id=\"8b18b31\" data-element_type=\"column\">\n\t\t\t<div class=\"elementor-column-wrap elementor-element-populated\">\n\t\t\t\t\t\t\t<div class=\"elementor-widget-wrap\">\n\t\t\t\t\t\t<div class=\"elementor-element elementor-element-ab0bf68 elementor-widget elementor-widget-testimonial\" data-id=\"ab0bf68\" data-element_type=\"widget\" data-widget_type=\"testimonial.default\">\n\t\t\t\t<div class=\"elementor-widget-container\">\n\t\t\t\t\t<div class=\"elementor-testimonial-wrapper elementor-testimonial-text-align-center\">\n\t\t\t\t\t\t\t<div class=\"elementor-testimonial-content\">\"Consegui limpar o meu nome, eu n\u00e3o via sa\u00edda antes de contratar a Consultoria BPR, eu e a atendente Fernanda verificamos quais eram as minhas condi\u00e7\u00f5es e juntos fizemos o melhor planejamento financeiro para mim.\" <\/div>\n\t\t\t\n\t\t\t\t\t\t<div class=\"elementor-testimonial-meta elementor-has-image elementor-testimonial-image-position-aside\">\n\t\t\t\t<div class=\"elementor-testimonial-meta-inner\">\n\t\t\t\t\t\t\t\t\t\t\t<div class=\"elementor-testimonial-image\">\n\t\t\t\t\t\t\t<img width=\"130\" height=\"130\" src=\"https:\/\/consultoriabpr.com.br\/site\/wp-content\/uploads\/2019\/10\/1-2.jpg\" class=\"attachment-full size-full\" alt=\"\" loading=\"lazy\" srcset=\"https:\/\/consultoriabpr.com.br\/site\/wp-content\/uploads\/2019\/10\/1-2.jpg 130w, https:\/\/consultoriabpr.com.br\/site\/wp-content\/uploads\/2019\/10\/1-2-100x100.jpg 100w\" sizes=\"(max-width: 130px) 100vw, 130px\" \/>\t\t\t\t\t\t<\/div>\n\t\t\t\t\t\n\t\t\t\t\t\t\t\t\t\t<div class=\"elementor-testimonial-details\">\n\t\t\t\t\t\t\t\t\t\t\t\t\t\t<div class=\"elementor-testimonial-name\">Agnaldo da Rocha<\/div>\n\t\t\t\t\t\t\t\t\t\t\t\t\t\t\t\t\t\t\t\t\t\t<div class=\"elementor-testimonial-job\">Carapicuiba<\/div>\n\t\t\t\t\t\t\t\t\t\t\t\t\t<\/div>\n\t\t\t\t\t\t\t\t\t<\/div>\n\t\t\t<\/div>\n\t\t\t\t\t<\/div>\n\t\t\t\t<\/div>\n\t\t\t\t<\/div>\n\t\t\t\t\t\t<\/div>\n\t\t\t\t\t<\/div>\n\t\t<\/div>\n\t\t\t\t\t\t\t\t<\/div>\n\t\t\t\t\t<\/div>\n\t\t<\/section>\n\t\t\t\t\t\t<\/div>\n\t\t\t\t\t<\/div>\n\t\t<\/div>\n\t\t\t\t<div class=\"elementor-column elementor-col-50 elementor-top-column elementor-element elementor-element-b25dbbf bs-sidebar dynamic-sidebar\" data-id=\"b25dbbf\" data-element_type=\"column\">\n\t\t\t<div class=\"elementor-column-wrap elementor-element-populated\">\n\t\t\t\t\t\t\t<div class=\"elementor-widget-wrap\">\n\t\t\t\t\t\t<div class=\"elementor-element elementor-element-2b5a5cf elementor-widget elementor-widget-sidebar\" data-id=\"2b5a5cf\" data-element_type=\"widget\" data-widget_type=\"sidebar.default\">\n\t\t\t\t<div class=\"elementor-widget-container\">\n\t\t\t<div id=\"nav_menu-1\" class=\"service-singles widget widget_nav_menu\"><div class=\"menu-services-container\"><ul id=\"menu-services\" class=\"menu\"><li id=\"menu-item-2313\" class=\"menu-item menu-item-type-post_type menu-item-object-page menu-item-2313\"><a href=\"https:\/\/consultoriabpr.com.br\/site\/servicos\/limpar-nome\/\">Limpar Nome<\/a><\/li>\n<li id=\"menu-item-5890\" class=\"menu-item menu-item-type-post_type menu-item-object-page menu-item-5890\"><a href=\"https:\/\/consultoriabpr.com.br\/site\/servicos\/divida-imovel\/\">D\u00edvida Imovel<\/a><\/li>\n<li id=\"menu-item-5891\" class=\"menu-item menu-item-type-post_type menu-item-object-page menu-item-5891\"><a href=\"https:\/\/consultoriabpr.com.br\/site\/servicos\/cheques-devolvidos-protestos\/\">Cheques devolvidos ou Protestos<\/a><\/li>\n<li id=\"menu-item-5892\" class=\"menu-item menu-item-type-post_type menu-item-object-page menu-item-5892\"><a href=\"https:\/\/consultoriabpr.com.br\/site\/servicos\/divida-cartao-de-credito\/\">Divida Cart\u00e3o de cr\u00e9dito<\/a><\/li>\n<li id=\"menu-item-5894\" class=\"menu-item menu-item-type-post_type menu-item-object-page menu-item-5894\"><a href=\"https:\/\/consultoriabpr.com.br\/site\/servicos\/divida-veiculos\/\">D\u00edvida de Ve\u00edculos<\/a><\/li>\n<li id=\"menu-item-5895\" class=\"menu-item menu-item-type-post_type menu-item-object-page menu-item-5895\"><a href=\"https:\/\/consultoriabpr.com.br\/site\/servicos\/divida-de-ipva-e-multas\/\">IPVA E Multas<\/a><\/li>\n<li id=\"menu-item-10843\" class=\"menu-item menu-item-type-post_type menu-item-object-page menu-item-10843\"><a href=\"https:\/\/consultoriabpr.com.br\/site\/servicos\/super-endividamento\/\">Super Endividamento<\/a><\/li>\n<\/ul><\/div><\/div>\t\t<\/div>\n\t\t\t\t<\/div>\n\t\t\t\t<section class=\"elementor-section elementor-inner-section elementor-element elementor-element-3a43798 elementor-section-boxed elementor-section-height-default elementor-section-height-default\" data-id=\"3a43798\" data-element_type=\"section\">\n\t\t\t\t\t\t<div class=\"elementor-container elementor-column-gap-default\">\n\t\t\t\t\t\t\t<div class=\"elementor-row\">\n\t\t\t\t\t<div class=\"elementor-column elementor-col-100 elementor-inner-column elementor-element elementor-element-afc24f0\" data-id=\"afc24f0\" data-element_type=\"column\" data-settings=\"{&quot;background_background&quot;:&quot;classic&quot;}\">\n\t\t\t<div class=\"elementor-column-wrap elementor-element-populated\">\n\t\t\t\t\t\t\t<div class=\"elementor-widget-wrap\">\n\t\t\t\t\t\t<div class=\"elementor-element elementor-element-4b4adb3 phones elementor-widget elementor-widget-rs-contact-box\" data-id=\"4b4adb3\" data-element_type=\"widget\" data-widget_type=\"rs-contact-box.default\">\n\t\t\t\t<div class=\"elementor-widget-container\">\n\t\t\t\t\t\r\n\r\n\t\t<!-- Style 1 Start -->\r\n\t\t<div class=\"rs-contact-box\">\r\n\r\n\t\t\t\t\t\t<div class=\"address-item vertical boxstyle1\">\r\n\r\n\t\t\t\t\t\t\t            <div class=\"address-icon\">\r\n\t\t            \t\t\t            \t\t<i class=\"fa fa-phone\"><\/i>\r\n\t\t            \t\t\t            <\/div>\r\n\t\t            \r\n\t\t            <div class=\"address-text\">\r\n\t\t            \t\r\n\r\n\t\t            \t\r\n\r\n\t\t            \t\t\t            <\/div>\r\n\t\t        <\/div>\r\n\t\t\t\t\t<\/div>\r\n\r\n\t<!-- Style 1 End -->\t\r\n\t\t\r\n\t\t\t<\/div>\n\t\t\t\t<\/div>\n\t\t\t\t<div class=\"elementor-element elementor-element-f5cc4fb elementor-widget elementor-widget-heading\" data-id=\"f5cc4fb\" data-element_type=\"widget\" data-widget_type=\"heading.default\">\n\t\t\t\t<div class=\"elementor-widget-container\">\n\t\t\t<h2 class=\"elementor-heading-title elementor-size-default\">Tire suas d\u00favidas. Ligue agora mesmo:<\/h2>\t\t<\/div>\n\t\t\t\t<\/div>\n\t\t\t\t<div class=\"elementor-element elementor-element-a8f7996 elementor-widget elementor-widget-heading\" data-id=\"a8f7996\" data-element_type=\"widget\" data-widget_type=\"heading.default\">\n\t\t\t\t<div class=\"elementor-widget-container\">\n\t\t\t<h2 class=\"elementor-heading-title elementor-size-default\">(11) 3279-9797<\/h2>\t\t<\/div>\n\t\t\t\t<\/div>\n\t\t\t\t\t\t<\/div>\n\t\t\t\t\t<\/div>\n\t\t<\/div>\n\t\t\t\t\t\t\t\t<\/div>\n\t\t\t\t\t<\/div>\n\t\t<\/section>\n\t\t\t\t<section class=\"elementor-section elementor-inner-section elementor-element elementor-element-a6939e9 elementor-section-boxed elementor-section-height-default elementor-section-height-default\" data-id=\"a6939e9\" data-element_type=\"section\" data-settings=\"{&quot;background_background&quot;:&quot;classic&quot;}\">\n\t\t\t\t\t\t<div class=\"elementor-container elementor-column-gap-default\">\n\t\t\t\t\t\t\t<div class=\"elementor-row\">\n\t\t\t\t\t<div class=\"elementor-column elementor-col-100 elementor-inner-column elementor-element elementor-element-ed97c96\" data-id=\"ed97c96\" data-element_type=\"column\">\n\t\t\t<div class=\"elementor-column-wrap elementor-element-populated\">\n\t\t\t\t\t\t\t<div class=\"elementor-widget-wrap\">\n\t\t\t\t\t\t<div class=\"elementor-element elementor-element-5f3a7cf elementor-widget elementor-widget-rs-heading\" data-id=\"5f3a7cf\" data-element_type=\"widget\" data-widget_type=\"rs-heading.default\">\n\t\t\t\t<div class=\"elementor-widget-container\">\n\t\t\t        <div class=\"rs-heading default center \">\r\n        \t<div class=\"title-inner\">\r\n        \t\t      \t\t\r\n\t            <h3 class=\"title\"><span class=\"watermark\"><\/span>WHATSAPP<\/h3>\t        <\/div>\r\n\t                <\/div>\r\n\r\n        \t\t<\/div>\n\t\t\t\t<\/div>\n\t\t\t\t<div class=\"elementor-element elementor-element-6224f22 elementor-align-center elementor-widget elementor-widget-button\" data-id=\"6224f22\" data-element_type=\"widget\" data-widget_type=\"button.default\">\n\t\t\t\t<div class=\"elementor-widget-container\">\n\t\t\t\t\t<div class=\"elementor-button-wrapper\">\n\t\t\t<a href=\"https:\/\/api.whatsapp.com\/send?phone=5511962663363&#038;text=Ola%20BRR\" class=\"elementor-button-link elementor-button elementor-size-sm\" role=\"button\">\n\t\t\t\t\t\t<span class=\"elementor-button-content-wrapper\">\n\t\t\t\t\t\t<span class=\"elementor-button-icon elementor-align-icon-left\">\n\t\t\t\t<i aria-hidden=\"true\" class=\"fab fa-whatsapp\"><\/i>\t\t\t<\/span>\n\t\t\t\t\t\t<span class=\"elementor-button-text\">Clique e fale agora!<\/span>\n\t\t<\/span>\n\t\t\t\t\t<\/a>\n\t\t<\/div>\n\t\t\t\t<\/div>\n\t\t\t\t<\/div>\n\t\t\t\t\t\t<\/div>\n\t\t\t\t\t<\/div>\n\t\t<\/div>\n\t\t\t\t\t\t\t\t<\/div>\n\t\t\t\t\t<\/div>\n\t\t<\/section>\n\t\t\t\t\t\t<\/div>\n\t\t\t\t\t<\/div>\n\t\t<\/div>\n\t\t\t\t\t\t\t\t<\/div>\n\t\t\t\t\t<\/div>\n\t\t<\/section>\n\t\t\t\t\t\t<\/div>\n\t\t\t\t\t\t<\/div>\n\t\t\t\t\t<\/div>\n\t\t","protected":false},"excerpt":{"rendered":"<p>Solu\u00e7\u00f5es para Limpar o Nome Comece Agora Mesmo a Resolver Suas Restri\u00e7\u00f5es financeiras. A BPR Consultoria vai Renegociar Suas D\u00edvidas e Limpar Seu Nome, e voc\u00ea voltar\u00e1 a ter cr\u00e9dito no mercado. Com a Ajuda da BPR Consultoria voc\u00ea Pagar\u00e1 suas D\u00edvidas com Valores que cabem no seu bolso! Suas Pendencias Financeiras ser\u00e3o analisadas Caso&#8230;<\/p>\n","protected":false},"author":1,"featured_media":10764,"parent":2152,"menu_order":0,"comment_status":"closed","ping_status":"closed","template":"","meta":[],"yoast_head":"<!-- This site is optimized with the Yoast SEO plugin v15.2.1 - https:\/\/yoast.com\/wordpress\/plugins\/seo\/ -->\n<title>Limpar Nome - Consultoria BPR<\/title>\n<meta name=\"robots\" content=\"index, follow, max-snippet:-1, max-image-preview:large, max-video-preview:-1\" \/>\n<link rel=\"canonical\" href=\"https:\/\/consultoriabpr.com.br\/site\/servicos\/limpar-nome\/\" \/>\n<meta property=\"og:locale\" content=\"pt_BR\" \/>\n<meta property=\"og:type\" content=\"article\" \/>\n<meta property=\"og:title\" content=\"Limpar Nome - Consultoria BPR\" \/>\n<meta property=\"og:description\" content=\"Solu\u00e7\u00f5es para Limpar o Nome Comece Agora Mesmo a Resolver Suas Restri\u00e7\u00f5es financeiras. A BPR Consultoria vai Renegociar Suas D\u00edvidas e Limpar Seu Nome, e voc\u00ea voltar\u00e1 a ter cr\u00e9dito no mercado. Com a Ajuda da BPR Consultoria voc\u00ea Pagar\u00e1 suas D\u00edvidas com Valores que cabem no seu bolso! Suas Pendencias Financeiras ser\u00e3o analisadas Caso...\" \/>\n<meta property=\"og:url\" content=\"https:\/\/consultoriabpr.com.br\/site\/servicos\/limpar-nome\/\" \/>\n<meta property=\"og:site_name\" content=\"Consultoria BPR\" \/>\n<meta property=\"article:modified_time\" content=\"2024-01-25T17:28:50+00:00\" \/>\n<meta property=\"og:image\" content=\"https:\/\/consultoriabpr.com.br\/site\/wp-content\/uploads\/2020\/11\/WhatsApp-Image-2020-11-03-at-16.14.43-3.jpeg\" \/>\n\t<meta property=\"og:image:width\" content=\"1000\" \/>\n\t<meta property=\"og:image:height\" content=\"1000\" \/>\n<meta name=\"twitter:card\" content=\"summary_large_image\" \/>\n<meta name=\"twitter:label1\" content=\"Written by\">\n\t<meta name=\"twitter:data1\" content=\"bpr\">\n\t<meta name=\"twitter:label2\" content=\"Est. reading time\">\n\t<meta name=\"twitter:data2\" content=\"1 minuto\">\n<script type=\"application\/ld+json\" class=\"yoast-schema-graph\">{\"@context\":\"https:\/\/schema.org\",\"@graph\":[{\"@type\":\"Organization\",\"@id\":\"https:\/\/consultoriabpr.com.br\/site\/#organization\",\"name\":\"BPR Consultoria\",\"url\":\"https:\/\/consultoriabpr.com.br\/site\/\",\"sameAs\":[],\"logo\":{\"@type\":\"ImageObject\",\"@id\":\"https:\/\/consultoriabpr.com.br\/site\/#logo\",\"inLanguage\":\"pt-BR\",\"url\":\"https:\/\/consultoriabpr.com.br\/site\/wp-content\/uploads\/2020\/11\/bpr-consultoria-logo.png\",\"width\":1681,\"height\":466,\"caption\":\"BPR Consultoria\"},\"image\":{\"@id\":\"https:\/\/consultoriabpr.com.br\/site\/#logo\"}},{\"@type\":\"WebSite\",\"@id\":\"https:\/\/consultoriabpr.com.br\/site\/#website\",\"url\":\"https:\/\/consultoriabpr.com.br\/site\/\",\"name\":\"Consultoria BPR\",\"description\":\"BPR Consultoria - Solu\\u00e7\\u00f5es para Traquilidade Financeira Limpe seu nome do SPC e SERASA resgate cheques atrasados e protestos, negocie d\\u00edvidas e reduza juros\",\"publisher\":{\"@id\":\"https:\/\/consultoriabpr.com.br\/site\/#organization\"},\"potentialAction\":[{\"@type\":\"SearchAction\",\"target\":\"https:\/\/consultoriabpr.com.br\/site\/?s={search_term_string}\",\"query-input\":\"required name=search_term_string\"}],\"inLanguage\":\"pt-BR\"},{\"@type\":\"ImageObject\",\"@id\":\"https:\/\/consultoriabpr.com.br\/site\/servicos\/limpar-nome\/#primaryimage\",\"inLanguage\":\"pt-BR\",\"url\":\"https:\/\/consultoriabpr.com.br\/site\/wp-content\/uploads\/2020\/11\/WhatsApp-Image-2020-11-03-at-16.14.43-3.jpeg\",\"width\":1000,\"height\":1000},{\"@type\":\"WebPage\",\"@id\":\"https:\/\/consultoriabpr.com.br\/site\/servicos\/limpar-nome\/#webpage\",\"url\":\"https:\/\/consultoriabpr.com.br\/site\/servicos\/limpar-nome\/\",\"name\":\"Limpar Nome - Consultoria BPR\",\"isPartOf\":{\"@id\":\"https:\/\/consultoriabpr.com.br\/site\/#website\"},\"primaryImageOfPage\":{\"@id\":\"https:\/\/consultoriabpr.com.br\/site\/servicos\/limpar-nome\/#primaryimage\"},\"datePublished\":\"2020-05-11T07:46:15+00:00\",\"dateModified\":\"2024-01-25T17:28:50+00:00\",\"inLanguage\":\"pt-BR\",\"potentialAction\":[{\"@type\":\"ReadAction\",\"target\":[\"https:\/\/consultoriabpr.com.br\/site\/servicos\/limpar-nome\/\"]}]}]}<\/script>\n<!-- \/ Yoast SEO plugin. -->","_links":{"self":[{"href":"https:\/\/consultoriabpr.com.br\/site\/wp-json\/wp\/v2\/pages\/2292"}],"collection":[{"href":"https:\/\/consultoriabpr.com.br\/site\/wp-json\/wp\/v2\/pages"}],"about":[{"href":"https:\/\/consultoriabpr.com.br\/site\/wp-json\/wp\/v2\/types\/page"}],"author":[{"embeddable":true,"href":"https:\/\/consultoriabpr.com.br\/site\/wp-json\/wp\/v2\/users\/1"}],"replies":[{"embeddable":true,"href":"https:\/\/consultoriabpr.com.br\/site\/wp-json\/wp\/v2\/comments?post=2292"}],"version-history":[{"count":28,"href":"https:\/\/consultoriabpr.com.br\/site\/wp-json\/wp\/v2\/pages\/2292\/revisions"}],"predecessor-version":[{"id":10957,"href":"https:\/\/consultoriabpr.com.br\/site\/wp-json\/wp\/v2\/pages\/2292\/revisions\/10957"}],"up":[{"embeddable":true,"href":"https:\/\/consultoriabpr.com.br\/site\/wp-json\/wp\/v2\/pages\/2152"}],"wp:featuredmedia":[{"embeddable":true,"href":"https:\/\/consultoriabpr.com.br\/site\/wp-json\/wp\/v2\/media\/10764"}],"wp:attachment":[{"href":"https:\/\/consultoriabpr.com.br\/site\/wp-json\/wp\/v2\/media?parent=2292"}],"curies":[{"name":"wp","href":"https:\/\/api.w.org\/{rel}","templated":true}]}}