{"id":2114,"date":"2020-05-02T08:59:05","date_gmt":"2020-05-02T08:59:05","guid":{"rendered":"http:\/\/rstheme.com\/products\/wordpress\/reobiz\/?page_id=2114"},"modified":"2020-11-09T00:05:31","modified_gmt":"2020-11-09T00:05:31","slug":"bpr-consultoria","status":"publish","type":"page","link":"https:\/\/consultoriabpr.com.br\/site\/bpr-consultoria\/","title":{"rendered":"A empresa"},"content":{"rendered":"\t\t<div data-elementor-type=\"wp-page\" data-elementor-id=\"2114\" class=\"elementor elementor-2114\" data-elementor-settings=\"[]\">\n\t\t\t\t\t\t<div class=\"elementor-inner\">\n\t\t\t\t\t\t\t<div class=\"elementor-section-wrap\">\n\t\t\t\t\t\t\t<section class=\"elementor-section elementor-top-section elementor-element elementor-element-24f14fa elementor-section-full_width elementor-section-content-middle elementor-section-height-default elementor-section-height-default\" data-id=\"24f14fa\" data-element_type=\"section\">\n\t\t\t\t\t\t<div class=\"elementor-container elementor-column-gap-wide\">\n\t\t\t\t\t\t\t<div class=\"elementor-row\">\n\t\t\t\t\t<div class=\"elementor-column elementor-col-50 elementor-top-column elementor-element elementor-element-2857fe6 animated-slow elementor-invisible\" data-id=\"2857fe6\" data-element_type=\"column\" data-settings=\"{&quot;animation&quot;:&quot;fadeInUp&quot;,&quot;animation_delay&quot;:500}\">\n\t\t\t<div class=\"elementor-column-wrap elementor-element-populated\">\n\t\t\t\t\t\t\t<div class=\"elementor-widget-wrap\">\n\t\t\t\t\t\t<div class=\"elementor-element elementor-element-537d3b3 elementor-widget elementor-widget-image\" data-id=\"537d3b3\" data-element_type=\"widget\" data-widget_type=\"image.default\">\n\t\t\t\t<div class=\"elementor-widget-container\">\n\t\t\t\t\t<div class=\"elementor-image\">\n\t\t\t\t\t\t\t\t\t\t<img width=\"640\" height=\"178\" src=\"https:\/\/consultoriabpr.com.br\/site\/wp-content\/uploads\/2020\/11\/bpr-consultoria-logo-1024x284.png\" class=\"attachment-large size-large\" alt=\"\" loading=\"lazy\" srcset=\"https:\/\/consultoriabpr.com.br\/site\/wp-content\/uploads\/2020\/11\/bpr-consultoria-logo-1024x284.png 1024w, https:\/\/consultoriabpr.com.br\/site\/wp-content\/uploads\/2020\/11\/bpr-consultoria-logo-300x83.png 300w, https:\/\/consultoriabpr.com.br\/site\/wp-content\/uploads\/2020\/11\/bpr-consultoria-logo-768x213.png 768w, https:\/\/consultoriabpr.com.br\/site\/wp-content\/uploads\/2020\/11\/bpr-consultoria-logo-1536x426.png 1536w, https:\/\/consultoriabpr.com.br\/site\/wp-content\/uploads\/2020\/11\/bpr-consultoria-logo-600x166.png 600w, https:\/\/consultoriabpr.com.br\/site\/wp-content\/uploads\/2020\/11\/bpr-consultoria-logo.png 1681w\" sizes=\"(max-width: 640px) 100vw, 640px\" \/>\t\t\t\t\t\t\t\t\t\t\t<\/div>\n\t\t\t\t<\/div>\n\t\t\t\t<\/div>\n\t\t\t\t<div class=\"elementor-element elementor-element-4a5c002 elementor-widget elementor-widget-image\" data-id=\"4a5c002\" data-element_type=\"widget\" data-widget_type=\"image.default\">\n\t\t\t\t<div class=\"elementor-widget-container\">\n\t\t\t\t\t<div class=\"elementor-image\">\n\t\t\t\t\t\t\t\t\t\t<img width=\"365\" height=\"480\" src=\"https:\/\/consultoriabpr.com.br\/site\/wp-content\/uploads\/2020\/10\/slide_2-365x480.png\" class=\"attachment-reobiz_blog_long_height size-reobiz_blog_long_height\" alt=\"\" loading=\"lazy\" \/>\t\t\t\t\t\t\t\t\t\t\t<\/div>\n\t\t\t\t<\/div>\n\t\t\t\t<\/div>\n\t\t\t\t\t\t<\/div>\n\t\t\t\t\t<\/div>\n\t\t<\/div>\n\t\t\t\t<div class=\"elementor-column elementor-col-50 elementor-top-column elementor-element elementor-element-6846ed5\" data-id=\"6846ed5\" data-element_type=\"column\">\n\t\t\t<div class=\"elementor-column-wrap elementor-element-populated\">\n\t\t\t\t\t\t\t<div class=\"elementor-widget-wrap\">\n\t\t\t\t\t\t<div class=\"elementor-element elementor-element-5dad34a elementor-widget elementor-widget-rs-heading\" data-id=\"5dad34a\" data-element_type=\"widget\" data-widget_type=\"rs-heading.default\">\n\t\t\t\t<div class=\"elementor-widget-container\">\n\t\t\t        <div class=\"rs-heading default  \">\r\n        \t<div class=\"title-inner\">\r\n        \t\t      \t\t\r\n\t            <span class=\"sub-text \">Sobre n\u00f3s<\/span><h2 class=\"title\"><span class=\"watermark\"><\/span>A BPR CONSULTORIA<\/h2>\t        <\/div>\r\n\t                    \t<div class=\"description\">\r\n            \t\t<p>A BPR Consultoria \u00e9 uma empresa do setor financeiro que presta v\u00e1rios servi\u00e7os por meio de assessoria especializada, trazendo diversas solu\u00e7\u00f5es para os nossos clientes que est\u00e3o com dificuldades em regularizar suas pendencias.<\/p><p>Atuamos nas intermedia\u00e7\u00f5es de negocia\u00e7\u00f5es de d\u00edvidas para pessoas f\u00edsicas e\u00a0\u00a0jur\u00eddicas.<\/p><p>Nosso principal objetivo \u00e9 a satisfa\u00e7\u00e3o de nossos clientes!<\/p><p>H\u00e1 mais de 5\u00a0anos, executamos\u00a0todas as modalidades de negocia\u00e7\u00f5es judiciais e extrajudiciais.\u00a0Contamos com profissionais competentes para resolver os d\u00e9bitos dos clientes, com an\u00e1lise de cada caso, com seguran\u00e7a e atendimento profissional.<\/p><p>Valorizamos a redu\u00e7\u00e3o de custos e de forma proveitosa dos recursos dispon\u00edveis para eliminar a sua restri\u00e7\u00e3o.<\/p><p>Venha e fa\u00e7a parte dos clientes satisfeitos com a BPR Consultoria!<\/p>            \t\t\r\n            \t<\/div>\r\n        \t        <\/div>\r\n\r\n        \t\t<\/div>\n\t\t\t\t<\/div>\n\t\t\t\t\t\t<\/div>\n\t\t\t\t\t<\/div>\n\t\t<\/div>\n\t\t\t\t\t\t\t\t<\/div>\n\t\t\t\t\t<\/div>\n\t\t<\/section>\n\t\t\t\t<section class=\"elementor-section elementor-top-section elementor-element elementor-element-45704ae elementor-section-stretched elementor-section-boxed elementor-section-height-default elementor-section-height-default\" data-id=\"45704ae\" data-element_type=\"section\" data-settings=\"{&quot;stretch_section&quot;:&quot;section-stretched&quot;,&quot;background_background&quot;:&quot;classic&quot;}\">\n\t\t\t\t\t\t<div class=\"elementor-container elementor-column-gap-extended\">\n\t\t\t\t\t\t\t<div class=\"elementor-row\">\n\t\t\t\t\t<div class=\"elementor-column elementor-col-100 elementor-top-column elementor-element elementor-element-fedd228\" data-id=\"fedd228\" data-element_type=\"column\">\n\t\t\t<div class=\"elementor-column-wrap elementor-element-populated\">\n\t\t\t\t\t\t\t<div class=\"elementor-widget-wrap\">\n\t\t\t\t\t\t<div class=\"elementor-element elementor-element-311d2bb elementor-widget elementor-widget-rs-heading\" data-id=\"311d2bb\" data-element_type=\"widget\" data-widget_type=\"rs-heading.default\">\n\t\t\t\t<div class=\"elementor-widget-container\">\n\t\t\t        <div class=\"rs-heading default center \">\r\n        \t<div class=\"title-inner\">\r\n        \t\t      \t\t\r\n\t            <span class=\"sub-text \">N\u00fameros<\/span><h2 class=\"title\"><span class=\"watermark\"><\/span>Fatos sobre a BPR Consultoria<\/h2>\t        <\/div>\r\n\t                <\/div>\r\n\r\n        \t\t<\/div>\n\t\t\t\t<\/div>\n\t\t\t\t<section class=\"elementor-section elementor-inner-section elementor-element elementor-element-ba33ce7 elementor-section-boxed elementor-section-height-default elementor-section-height-default\" data-id=\"ba33ce7\" data-element_type=\"section\">\n\t\t\t\t\t\t<div class=\"elementor-container elementor-column-gap-default\">\n\t\t\t\t\t\t\t<div class=\"elementor-row\">\n\t\t\t\t\t<div class=\"elementor-column elementor-col-25 elementor-inner-column elementor-element elementor-element-3e6ec42\" data-id=\"3e6ec42\" data-element_type=\"column\">\n\t\t\t<div class=\"elementor-column-wrap elementor-element-populated\">\n\t\t\t\t\t\t\t<div class=\"elementor-widget-wrap\">\n\t\t\t\t\t\t<div class=\"elementor-element elementor-element-57fa79f elementor-widget elementor-widget-rs-counter\" data-id=\"57fa79f\" data-element_type=\"widget\" data-widget_type=\"rs-counter.default\">\n\t\t\t\t<div class=\"elementor-widget-container\">\n\t\t\t\t\t<div class=\"counter-top-area style1\">\r\n\t\t    <div class=\"rs-counter-list\">\r\n\t\t    \t\r\n\t\t    \t\t\t    \t\t       \r\n\t\t\t    <div class=\"count-text\">\r\n\t\t\t    \t<div class=\"count-number\">\r\n\t\t\t    \t\t<span class=\"suffix\">+ de<\/span>\t\t\t    \t\t\t<span class=\"rs-counter\"> 5900<\/span>\r\n\t\t\t    \t\t\t\t\t    \t<\/div>\r\n\r\n\t\t\t    \t\t\t\t    \t\t<span class=\"title\">  Clientes atendidos<\/span>\t\r\n\t\t\t    \t\t\r\n\r\n\t\t\t    <\/div>\r\n\t\t\t<\/div>\r\n\t\t<\/div>\t\t\r\n\t\t\t<\/div>\n\t\t\t\t<\/div>\n\t\t\t\t\t\t<\/div>\n\t\t\t\t\t<\/div>\n\t\t<\/div>\n\t\t\t\t<div class=\"elementor-column elementor-col-25 elementor-inner-column elementor-element elementor-element-37a8e7c\" data-id=\"37a8e7c\" data-element_type=\"column\">\n\t\t\t<div class=\"elementor-column-wrap elementor-element-populated\">\n\t\t\t\t\t\t\t<div class=\"elementor-widget-wrap\">\n\t\t\t\t\t\t<div class=\"elementor-element elementor-element-4453b77 elementor-widget elementor-widget-rs-counter\" data-id=\"4453b77\" data-element_type=\"widget\" data-widget_type=\"rs-counter.default\">\n\t\t\t\t<div class=\"elementor-widget-container\">\n\t\t\t\t\t<div class=\"counter-top-area style1\">\r\n\t\t    <div class=\"rs-counter-list\">\r\n\t\t    \t\r\n\t\t    \t\t\t    \t\t       \r\n\t\t\t    <div class=\"count-text\">\r\n\t\t\t    \t<div class=\"count-number\">\r\n\t\t\t    \t\t<span class=\"suffix\">+ de<\/span>\t\t\t    \t\t\t<span class=\"rs-counter\"> 2100<\/span>\r\n\t\t\t    \t\t\t\t\t    \t<\/div>\r\n\r\n\t\t\t    \t\t\t\t    \t\t<span class=\"title\">  Processos em andamento<\/span>\t\r\n\t\t\t    \t\t\r\n\r\n\t\t\t    <\/div>\r\n\t\t\t<\/div>\r\n\t\t<\/div>\t\t\r\n\t\t\t<\/div>\n\t\t\t\t<\/div>\n\t\t\t\t\t\t<\/div>\n\t\t\t\t\t<\/div>\n\t\t<\/div>\n\t\t\t\t<div class=\"elementor-column elementor-col-25 elementor-inner-column elementor-element elementor-element-770440b\" data-id=\"770440b\" data-element_type=\"column\">\n\t\t\t<div class=\"elementor-column-wrap elementor-element-populated\">\n\t\t\t\t\t\t\t<div class=\"elementor-widget-wrap\">\n\t\t\t\t\t\t<div class=\"elementor-element elementor-element-b6961e4 elementor-widget elementor-widget-rs-counter\" data-id=\"b6961e4\" data-element_type=\"widget\" data-widget_type=\"rs-counter.default\">\n\t\t\t\t<div class=\"elementor-widget-container\">\n\t\t\t\t\t<div class=\"counter-top-area style1\">\r\n\t\t    <div class=\"rs-counter-list\">\r\n\t\t    \t\r\n\t\t    \t\t\t    \t\t       \r\n\t\t\t    <div class=\"count-text\">\r\n\t\t\t    \t<div class=\"count-number\">\r\n\t\t\t    \t\t\t\t\t    \t\t\t<span class=\"rs-counter\"> 37<\/span>\r\n\t\t\t    \t\t\t\t\t    \t<\/div>\r\n\r\n\t\t\t    \t\t\t\t    \t\t<span class=\"title\">  Especialistas em nossa equipe<\/span>\t\r\n\t\t\t    \t\t\r\n\r\n\t\t\t    <\/div>\r\n\t\t\t<\/div>\r\n\t\t<\/div>\t\t\r\n\t\t\t<\/div>\n\t\t\t\t<\/div>\n\t\t\t\t\t\t<\/div>\n\t\t\t\t\t<\/div>\n\t\t<\/div>\n\t\t\t\t<div class=\"elementor-column elementor-col-25 elementor-inner-column elementor-element elementor-element-ce05132\" data-id=\"ce05132\" data-element_type=\"column\">\n\t\t\t<div class=\"elementor-column-wrap elementor-element-populated\">\n\t\t\t\t\t\t\t<div class=\"elementor-widget-wrap\">\n\t\t\t\t\t\t<div class=\"elementor-element elementor-element-ff39b9c elementor-widget elementor-widget-rs-counter\" data-id=\"ff39b9c\" data-element_type=\"widget\" data-widget_type=\"rs-counter.default\">\n\t\t\t\t<div class=\"elementor-widget-container\">\n\t\t\t\t\t<div class=\"counter-top-area style1\">\r\n\t\t    <div class=\"rs-counter-list\">\r\n\t\t    \t\r\n\t\t    \t\t\t    \t\t       \r\n\t\t\t    <div class=\"count-text\">\r\n\t\t\t    \t<div class=\"count-number\">\r\n\t\t\t    \t\t<span class=\"suffix\">+ de<\/span>\t\t\t    \t\t\t<span class=\"rs-counter\"> 990<\/span>\r\n\t\t\t    \t\t<span class=\"prefix\">mil reais<\/span>\t\t\t    \t<\/div>\r\n\r\n\t\t\t    \t\t\t\t    \t\t<span class=\"title\">  Em economia nas revis\u00f5es contratuais<\/span>\t\r\n\t\t\t    \t\t\r\n\r\n\t\t\t    <\/div>\r\n\t\t\t<\/div>\r\n\t\t<\/div>\t\t\r\n\t\t\t<\/div>\n\t\t\t\t<\/div>\n\t\t\t\t\t\t<\/div>\n\t\t\t\t\t<\/div>\n\t\t<\/div>\n\t\t\t\t\t\t\t\t<\/div>\n\t\t\t\t\t<\/div>\n\t\t<\/section>\n\t\t\t\t\t\t<\/div>\n\t\t\t\t\t<\/div>\n\t\t<\/div>\n\t\t\t\t\t\t\t\t<\/div>\n\t\t\t\t\t<\/div>\n\t\t<\/section>\n\t\t\t\t\t\t<\/div>\n\t\t\t\t\t\t<\/div>\n\t\t\t\t\t<\/div>\n\t\t","protected":false},"excerpt":{"rendered":"<p>Sobre n\u00f3s A BPR CONSULTORIA A BPR Consultoria \u00e9 uma empresa do setor financeiro que presta v\u00e1rios servi\u00e7os por meio de assessoria especializada, trazendo diversas solu\u00e7\u00f5es para os nossos clientes que est\u00e3o com dificuldades em regularizar suas pendencias. Atuamos nas intermedia\u00e7\u00f5es de negocia\u00e7\u00f5es de d\u00edvidas para pessoas f\u00edsicas e\u00a0\u00a0jur\u00eddicas. Nosso principal objetivo \u00e9 a satisfa\u00e7\u00e3o&#8230;<\/p>\n","protected":false},"author":1,"featured_media":0,"parent":0,"menu_order":0,"comment_status":"closed","ping_status":"closed","template":"","meta":[],"yoast_head":"<!-- This site is optimized with the Yoast SEO plugin v15.2.1 - https:\/\/yoast.com\/wordpress\/plugins\/seo\/ -->\n<title>A empresa - Consultoria BPR<\/title>\n<meta name=\"robots\" content=\"index, follow, max-snippet:-1, max-image-preview:large, max-video-preview:-1\" \/>\n<link rel=\"canonical\" href=\"https:\/\/consultoriabpr.com.br\/site\/bpr-consultoria\/\" \/>\n<meta property=\"og:locale\" content=\"pt_BR\" \/>\n<meta property=\"og:type\" content=\"article\" \/>\n<meta property=\"og:title\" content=\"A empresa - Consultoria BPR\" \/>\n<meta property=\"og:description\" content=\"Sobre n\u00f3s A BPR CONSULTORIA A BPR Consultoria \u00e9 uma empresa do setor financeiro que presta v\u00e1rios servi\u00e7os por meio de assessoria especializada, trazendo diversas solu\u00e7\u00f5es para os nossos clientes que est\u00e3o com dificuldades em regularizar suas pendencias. Atuamos nas intermedia\u00e7\u00f5es de negocia\u00e7\u00f5es de d\u00edvidas para pessoas f\u00edsicas e\u00a0\u00a0jur\u00eddicas. Nosso principal objetivo \u00e9 a satisfa\u00e7\u00e3o...\" \/>\n<meta property=\"og:url\" content=\"https:\/\/consultoriabpr.com.br\/site\/bpr-consultoria\/\" \/>\n<meta property=\"og:site_name\" content=\"Consultoria BPR\" \/>\n<meta property=\"article:modified_time\" content=\"2020-11-09T00:05:31+00:00\" \/>\n<meta property=\"og:image\" content=\"https:\/\/consultoriabpr.com.br\/site\/wp-content\/uploads\/2020\/11\/bpr-consultoria-logo-1024x284.png\" \/>\n<meta name=\"twitter:card\" content=\"summary_large_image\" \/>\n<meta name=\"twitter:label1\" content=\"Written by\">\n\t<meta name=\"twitter:data1\" content=\"bpr\">\n\t<meta name=\"twitter:label2\" content=\"Est. reading time\">\n\t<meta name=\"twitter:data2\" content=\"1 minuto\">\n<script type=\"application\/ld+json\" class=\"yoast-schema-graph\">{\"@context\":\"https:\/\/schema.org\",\"@graph\":[{\"@type\":\"Organization\",\"@id\":\"https:\/\/consultoriabpr.com.br\/site\/#organization\",\"name\":\"BPR Consultoria\",\"url\":\"https:\/\/consultoriabpr.com.br\/site\/\",\"sameAs\":[],\"logo\":{\"@type\":\"ImageObject\",\"@id\":\"https:\/\/consultoriabpr.com.br\/site\/#logo\",\"inLanguage\":\"pt-BR\",\"url\":\"https:\/\/consultoriabpr.com.br\/site\/wp-content\/uploads\/2020\/11\/bpr-consultoria-logo.png\",\"width\":1681,\"height\":466,\"caption\":\"BPR Consultoria\"},\"image\":{\"@id\":\"https:\/\/consultoriabpr.com.br\/site\/#logo\"}},{\"@type\":\"WebSite\",\"@id\":\"https:\/\/consultoriabpr.com.br\/site\/#website\",\"url\":\"https:\/\/consultoriabpr.com.br\/site\/\",\"name\":\"Consultoria BPR\",\"description\":\"BPR Consultoria - Solu\\u00e7\\u00f5es para Traquilidade Financeira Limpe seu nome do SPC e SERASA resgate cheques atrasados e protestos, negocie d\\u00edvidas e reduza juros\",\"publisher\":{\"@id\":\"https:\/\/consultoriabpr.com.br\/site\/#organization\"},\"potentialAction\":[{\"@type\":\"SearchAction\",\"target\":\"https:\/\/consultoriabpr.com.br\/site\/?s={search_term_string}\",\"query-input\":\"required name=search_term_string\"}],\"inLanguage\":\"pt-BR\"},{\"@type\":\"ImageObject\",\"@id\":\"https:\/\/consultoriabpr.com.br\/site\/bpr-consultoria\/#primaryimage\",\"inLanguage\":\"pt-BR\",\"url\":\"https:\/\/consultoriabpr.com.br\/site\/wp-content\/uploads\/2020\/11\/bpr-consultoria-logo.png\",\"width\":1681,\"height\":466},{\"@type\":\"WebPage\",\"@id\":\"https:\/\/consultoriabpr.com.br\/site\/bpr-consultoria\/#webpage\",\"url\":\"https:\/\/consultoriabpr.com.br\/site\/bpr-consultoria\/\",\"name\":\"A empresa - Consultoria BPR\",\"isPartOf\":{\"@id\":\"https:\/\/consultoriabpr.com.br\/site\/#website\"},\"primaryImageOfPage\":{\"@id\":\"https:\/\/consultoriabpr.com.br\/site\/bpr-consultoria\/#primaryimage\"},\"datePublished\":\"2020-05-02T08:59:05+00:00\",\"dateModified\":\"2020-11-09T00:05:31+00:00\",\"inLanguage\":\"pt-BR\",\"potentialAction\":[{\"@type\":\"ReadAction\",\"target\":[\"https:\/\/consultoriabpr.com.br\/site\/bpr-consultoria\/\"]}]}]}<\/script>\n<!-- \/ Yoast SEO plugin. -->","_links":{"self":[{"href":"https:\/\/consultoriabpr.com.br\/site\/wp-json\/wp\/v2\/pages\/2114"}],"collection":[{"href":"https:\/\/consultoriabpr.com.br\/site\/wp-json\/wp\/v2\/pages"}],"about":[{"href":"https:\/\/consultoriabpr.com.br\/site\/wp-json\/wp\/v2\/types\/page"}],"author":[{"embeddable":true,"href":"https:\/\/consultoriabpr.com.br\/site\/wp-json\/wp\/v2\/users\/1"}],"replies":[{"embeddable":true,"href":"https:\/\/consultoriabpr.com.br\/site\/wp-json\/wp\/v2\/comments?post=2114"}],"version-history":[{"count":8,"href":"https:\/\/consultoriabpr.com.br\/site\/wp-json\/wp\/v2\/pages\/2114\/revisions"}],"predecessor-version":[{"id":10614,"href":"https:\/\/consultoriabpr.com.br\/site\/wp-json\/wp\/v2\/pages\/2114\/revisions\/10614"}],"wp:attachment":[{"href":"https:\/\/consultoriabpr.com.br\/site\/wp-json\/wp\/v2\/media?parent=2114"}],"curies":[{"name":"wp","href":"https:\/\/api.w.org\/{rel}","templated":true}]}}