{"id":10836,"date":"2021-08-18T00:53:10","date_gmt":"2021-08-18T00:53:10","guid":{"rendered":"https:\/\/consultoriabpr.com.br\/site\/?page_id=10836"},"modified":"2021-08-18T01:11:09","modified_gmt":"2021-08-18T01:11:09","slug":"super-endividamento","status":"publish","type":"page","link":"https:\/\/consultoriabpr.com.br\/site\/servicos\/super-endividamento\/","title":{"rendered":"Super Endividamento"},"content":{"rendered":"\t\t<div data-elementor-type=\"wp-page\" data-elementor-id=\"10836\" class=\"elementor elementor-10836\" data-elementor-settings=\"[]\">\n\t\t\t\t\t\t<div class=\"elementor-inner\">\n\t\t\t\t\t\t\t<div class=\"elementor-section-wrap\">\n\t\t\t\t\t\t\t<section class=\"elementor-section elementor-top-section elementor-element elementor-element-5a3cf3a elementor-section-boxed elementor-section-height-default elementor-section-height-default\" data-id=\"5a3cf3a\" data-element_type=\"section\">\n\t\t\t\t\t\t<div class=\"elementor-container elementor-column-gap-default\">\n\t\t\t\t\t\t\t<div class=\"elementor-row\">\n\t\t\t\t\t<div class=\"elementor-column elementor-col-50 elementor-top-column elementor-element elementor-element-12cb660\" data-id=\"12cb660\" data-element_type=\"column\">\n\t\t\t<div class=\"elementor-column-wrap elementor-element-populated\">\n\t\t\t\t\t\t\t<div class=\"elementor-widget-wrap\">\n\t\t\t\t\t\t<div class=\"elementor-element elementor-element-fad7836 elementor-widget elementor-widget-image\" data-id=\"fad7836\" data-element_type=\"widget\" data-widget_type=\"image.default\">\n\t\t\t\t<div class=\"elementor-widget-container\">\n\t\t\t\t\t<div class=\"elementor-image\">\n\t\t\t\t\t\t\t\t\t\t<img src=\"https:\/\/consultoriabpr.com.br\/site\/wp-content\/uploads\/elementor\/thumbs\/dinheiro-brasileiro-um-fundo-de-negocios_52793-1350-pbrv8dvfwiaus92zev2ltazriya4h2lcdxw2y6fy1s.jpg\" title=\"dinheiro-brasileiro-um-fundo-de-negocios_52793-1350\" alt=\"dinheiro-brasileiro-um-fundo-de-negocios_52793-1350\" \/>\t\t\t\t\t\t\t\t\t\t\t<\/div>\n\t\t\t\t<\/div>\n\t\t\t\t<\/div>\n\t\t\t\t<div class=\"elementor-element elementor-element-4179fb5 elementor-widget elementor-widget-heading\" data-id=\"4179fb5\" data-element_type=\"widget\" data-widget_type=\"heading.default\">\n\t\t\t\t<div class=\"elementor-widget-container\">\n\t\t\t<h2 class=\"elementor-heading-title elementor-size-default\">Est\u00e1 sabendo da nova LEI DE SUPERENVIDAMENTO?<\/h2>\t\t<\/div>\n\t\t\t\t<\/div>\n\t\t\t\t<div class=\"elementor-element elementor-element-91163e5 elementor-widget elementor-widget-text-editor\" data-id=\"91163e5\" data-element_type=\"widget\" data-widget_type=\"text-editor.default\">\n\t\t\t\t<div class=\"elementor-widget-container\">\n\t\t\t\t\t<div class=\"elementor-text-editor elementor-clearfix\"><h3><strong>Esta \u00e9 uma Lei Federal, que j\u00e1 est\u00e1 em vigor!<\/strong><\/h3><p style=\"text-align: justify;\">Ela d\u00e1 mais prote\u00e7\u00e3o as pessoas que possuem muitas d\u00edvidas e que agora n\u00e3o conseguem mais pag\u00e1-las. Estamos falando dos Superendividados&#8230;<\/p><p style=\"text-align: justify;\">O que \u00e9 o SUPER ENDIVIDADO?<\/p><p style=\"text-align: justify;\">S\u00e3o pessoas ou empres\u00e1rios que, as d\u00edvidas s\u00e3o muitas vezes maiores que seus ganhos mensais&#8230;\u00a0<\/p><p style=\"text-align: justify;\">E ai a conta n\u00e3o fecha, voc\u00ea deve mais do que ganha!!<\/p><p style=\"text-align: justify;\">Com est\u00e1 lei aprovada VOCE AGORA TEM DIREITO a exigir uma negocia\u00e7\u00e3o com seus credores que voc\u00ea possa pagar sem afetar sua vida financeira, o seu dia a dia.<\/p><p style=\"text-align: justify;\">Estamos falando da IMPOSSIBILIDADE DO CONSUMIDOR, PESSOA DE BOA F\u00c9 A PAGAR A TOTALIDADE DE SUAS DIVDAS SEM COMPROMETER SEU MINIMO EXISTENCIAL.<\/p><p style=\"text-align: justify;\">Desta forma, os superendividados poder\u00e3o contar com uma esp\u00e9cie de recupera\u00e7\u00e3o judicial que permite renegociar d\u00edvidas com todos os credores.<\/p><p style=\"text-align: justify;\">Todos n\u00f3s necessitamos de uma quantia m\u00ednima de renda para \u201cexistir\u201d, ou seja, pagar despesas b\u00e1sicas.<\/p><p style=\"text-align: justify;\">A nova lei impede que esse valor seja comprometido com o pagamento de outras d\u00edvidas.<\/p><p style=\"text-align: justify;\">Dessa forma, DEVEDOR N\u00e3o Ser\u00e1 Mais Explorado!<\/p><p style=\"text-align: justify;\">Deseja saber mais ?<br \/><br \/><\/p><\/div>\n\t\t\t\t<\/div>\n\t\t\t\t<\/div>\n\t\t\t\t<section class=\"elementor-section elementor-inner-section elementor-element elementor-element-e8061e7 elementor-section-boxed elementor-section-height-default elementor-section-height-default\" data-id=\"e8061e7\" data-element_type=\"section\">\n\t\t\t\t\t\t<div class=\"elementor-container elementor-column-gap-default\">\n\t\t\t\t\t\t\t<div class=\"elementor-row\">\n\t\t\t\t\t<div class=\"elementor-column elementor-col-100 elementor-inner-column elementor-element elementor-element-407e927\" data-id=\"407e927\" data-element_type=\"column\">\n\t\t\t<div class=\"elementor-column-wrap elementor-element-populated\">\n\t\t\t\t\t\t\t<div class=\"elementor-widget-wrap\">\n\t\t\t\t\t\t<div class=\"elementor-element elementor-element-97177c7 elementor-widget elementor-widget-rsfeatureslist\" data-id=\"97177c7\" data-element_type=\"widget\" data-widget_type=\"rsfeatureslist.default\">\n\t\t\t\t<div class=\"elementor-widget-container\">\n\t\t\t \n\n        <div class=\"rs-features-list-content\">        \n\n                                    <ul class=\"rs-features-list\">\n                                                    <li class=\"elementor-repeater-item-e173c11\">\n                                                                    <i class=\"fa fa-check-circle\"><\/i>\n                                                                <span class=\"rs-feature-text\">Entre em contato!<\/span>\n                            <\/li>\n                                            <\/ul>\n                            \n        <\/div>\n        \t\t<\/div>\n\t\t\t\t<\/div>\n\t\t\t\t\t\t<\/div>\n\t\t\t\t\t<\/div>\n\t\t<\/div>\n\t\t\t\t\t\t\t\t<\/div>\n\t\t\t\t\t<\/div>\n\t\t<\/section>\n\t\t\t\t\t\t<\/div>\n\t\t\t\t\t<\/div>\n\t\t<\/div>\n\t\t\t\t<div class=\"elementor-column elementor-col-50 elementor-top-column elementor-element elementor-element-367cef9 bs-sidebar dynamic-sidebar\" data-id=\"367cef9\" data-element_type=\"column\">\n\t\t\t<div class=\"elementor-column-wrap elementor-element-populated\">\n\t\t\t\t\t\t\t<div class=\"elementor-widget-wrap\">\n\t\t\t\t\t\t<div class=\"elementor-element elementor-element-35b2c59 elementor-widget elementor-widget-sidebar\" data-id=\"35b2c59\" data-element_type=\"widget\" data-widget_type=\"sidebar.default\">\n\t\t\t\t<div class=\"elementor-widget-container\">\n\t\t\t<div id=\"nav_menu-1\" class=\"service-singles widget widget_nav_menu\"><div class=\"menu-services-container\"><ul id=\"menu-services\" class=\"menu\"><li id=\"menu-item-2313\" class=\"menu-item menu-item-type-post_type menu-item-object-page menu-item-2313\"><a href=\"https:\/\/consultoriabpr.com.br\/site\/servicos\/limpar-nome\/\">Limpar Nome<\/a><\/li>\n<li id=\"menu-item-5890\" class=\"menu-item menu-item-type-post_type menu-item-object-page menu-item-5890\"><a href=\"https:\/\/consultoriabpr.com.br\/site\/servicos\/divida-imovel\/\">D\u00edvida Imovel<\/a><\/li>\n<li id=\"menu-item-5891\" class=\"menu-item menu-item-type-post_type menu-item-object-page menu-item-5891\"><a href=\"https:\/\/consultoriabpr.com.br\/site\/servicos\/cheques-devolvidos-protestos\/\">Cheques devolvidos ou Protestos<\/a><\/li>\n<li id=\"menu-item-5892\" class=\"menu-item menu-item-type-post_type menu-item-object-page menu-item-5892\"><a href=\"https:\/\/consultoriabpr.com.br\/site\/servicos\/divida-cartao-de-credito\/\">Divida Cart\u00e3o de cr\u00e9dito<\/a><\/li>\n<li id=\"menu-item-5894\" class=\"menu-item menu-item-type-post_type menu-item-object-page menu-item-5894\"><a href=\"https:\/\/consultoriabpr.com.br\/site\/servicos\/divida-veiculos\/\">D\u00edvida de Ve\u00edculos<\/a><\/li>\n<li id=\"menu-item-5895\" class=\"menu-item menu-item-type-post_type menu-item-object-page menu-item-5895\"><a href=\"https:\/\/consultoriabpr.com.br\/site\/servicos\/divida-de-ipva-e-multas\/\">IPVA E Multas<\/a><\/li>\n<li id=\"menu-item-10843\" class=\"menu-item menu-item-type-post_type menu-item-object-page menu-item-10843\"><a href=\"https:\/\/consultoriabpr.com.br\/site\/servicos\/super-endividamento\/\">Super Endividamento<\/a><\/li>\n<\/ul><\/div><\/div>\t\t<\/div>\n\t\t\t\t<\/div>\n\t\t\t\t<section class=\"elementor-section elementor-inner-section elementor-element elementor-element-4a30749 elementor-section-boxed elementor-section-height-default elementor-section-height-default\" data-id=\"4a30749\" data-element_type=\"section\">\n\t\t\t\t\t\t<div class=\"elementor-container elementor-column-gap-default\">\n\t\t\t\t\t\t\t<div class=\"elementor-row\">\n\t\t\t\t\t<div class=\"elementor-column elementor-col-100 elementor-inner-column elementor-element elementor-element-52ca9c5\" data-id=\"52ca9c5\" data-element_type=\"column\" data-settings=\"{&quot;background_background&quot;:&quot;classic&quot;}\">\n\t\t\t<div class=\"elementor-column-wrap elementor-element-populated\">\n\t\t\t\t\t\t\t<div class=\"elementor-widget-wrap\">\n\t\t\t\t\t\t<div class=\"elementor-element elementor-element-6340d2f phones elementor-widget elementor-widget-rs-contact-box\" data-id=\"6340d2f\" data-element_type=\"widget\" data-widget_type=\"rs-contact-box.default\">\n\t\t\t\t<div class=\"elementor-widget-container\">\n\t\t\t\t\t\r\n\r\n\t\t<!-- Style 1 Start -->\r\n\t\t<div class=\"rs-contact-box\">\r\n\r\n\t\t\t\t\t\t<div class=\"address-item vertical boxstyle1\">\r\n\r\n\t\t\t\t\t\t\t            <div class=\"address-icon\">\r\n\t\t            \t\t\t            \t\t<i class=\"fa fa-phone\"><\/i>\r\n\t\t            \t\t\t            <\/div>\r\n\t\t            \r\n\t\t            <div class=\"address-text\">\r\n\t\t            \t\r\n\r\n\t\t            \t\r\n\r\n\t\t            \t\t\t            <\/div>\r\n\t\t        <\/div>\r\n\t\t\t\t\t<\/div>\r\n\r\n\t<!-- Style 1 End -->\t\r\n\t\t\r\n\t\t\t<\/div>\n\t\t\t\t<\/div>\n\t\t\t\t<div class=\"elementor-element elementor-element-4a7f74f elementor-widget elementor-widget-heading\" data-id=\"4a7f74f\" data-element_type=\"widget\" data-widget_type=\"heading.default\">\n\t\t\t\t<div class=\"elementor-widget-container\">\n\t\t\t<h2 class=\"elementor-heading-title elementor-size-default\">Tire suas d\u00favidas. Ligue agora mesmo:<\/h2>\t\t<\/div>\n\t\t\t\t<\/div>\n\t\t\t\t<div class=\"elementor-element elementor-element-f3adabb elementor-widget elementor-widget-heading\" data-id=\"f3adabb\" data-element_type=\"widget\" data-widget_type=\"heading.default\">\n\t\t\t\t<div class=\"elementor-widget-container\">\n\t\t\t<h2 class=\"elementor-heading-title elementor-size-default\">(11) 3279-9797<\/h2>\t\t<\/div>\n\t\t\t\t<\/div>\n\t\t\t\t\t\t<\/div>\n\t\t\t\t\t<\/div>\n\t\t<\/div>\n\t\t\t\t\t\t\t\t<\/div>\n\t\t\t\t\t<\/div>\n\t\t<\/section>\n\t\t\t\t<section class=\"elementor-section elementor-inner-section elementor-element elementor-element-fa2ca88 elementor-section-boxed elementor-section-height-default elementor-section-height-default\" data-id=\"fa2ca88\" data-element_type=\"section\" data-settings=\"{&quot;background_background&quot;:&quot;classic&quot;}\">\n\t\t\t\t\t\t<div class=\"elementor-container elementor-column-gap-default\">\n\t\t\t\t\t\t\t<div class=\"elementor-row\">\n\t\t\t\t\t<div class=\"elementor-column elementor-col-100 elementor-inner-column elementor-element elementor-element-e9b193c\" data-id=\"e9b193c\" data-element_type=\"column\">\n\t\t\t<div class=\"elementor-column-wrap elementor-element-populated\">\n\t\t\t\t\t\t\t<div class=\"elementor-widget-wrap\">\n\t\t\t\t\t\t<div class=\"elementor-element elementor-element-9533d30 elementor-widget elementor-widget-rs-heading\" data-id=\"9533d30\" data-element_type=\"widget\" data-widget_type=\"rs-heading.default\">\n\t\t\t\t<div class=\"elementor-widget-container\">\n\t\t\t        <div class=\"rs-heading default center \">\r\n        \t<div class=\"title-inner\">\r\n        \t\t      \t\t\r\n\t            <h3 class=\"title\"><span class=\"watermark\"><\/span>WHATSAPP<\/h3>\t        <\/div>\r\n\t                <\/div>\r\n\r\n        \t\t<\/div>\n\t\t\t\t<\/div>\n\t\t\t\t<div class=\"elementor-element elementor-element-e85b5b2 elementor-align-center elementor-widget elementor-widget-button\" data-id=\"e85b5b2\" data-element_type=\"widget\" data-widget_type=\"button.default\">\n\t\t\t\t<div class=\"elementor-widget-container\">\n\t\t\t\t\t<div class=\"elementor-button-wrapper\">\n\t\t\t<a href=\"https:\/\/api.whatsapp.com\/send?phone=5511962663363&#038;text=Ola%20BRR\" class=\"elementor-button-link elementor-button elementor-size-sm\" role=\"button\">\n\t\t\t\t\t\t<span class=\"elementor-button-content-wrapper\">\n\t\t\t\t\t\t<span class=\"elementor-button-icon elementor-align-icon-left\">\n\t\t\t\t<i aria-hidden=\"true\" class=\"fab fa-whatsapp\"><\/i>\t\t\t<\/span>\n\t\t\t\t\t\t<span class=\"elementor-button-text\">Clique e fale agora!<\/span>\n\t\t<\/span>\n\t\t\t\t\t<\/a>\n\t\t<\/div>\n\t\t\t\t<\/div>\n\t\t\t\t<\/div>\n\t\t\t\t\t\t<\/div>\n\t\t\t\t\t<\/div>\n\t\t<\/div>\n\t\t\t\t\t\t\t\t<\/div>\n\t\t\t\t\t<\/div>\n\t\t<\/section>\n\t\t\t\t\t\t<\/div>\n\t\t\t\t\t<\/div>\n\t\t<\/div>\n\t\t\t\t\t\t\t\t<\/div>\n\t\t\t\t\t<\/div>\n\t\t<\/section>\n\t\t\t\t\t\t<\/div>\n\t\t\t\t\t\t<\/div>\n\t\t\t\t\t<\/div>\n\t\t","protected":false},"excerpt":{"rendered":"<p>Est\u00e1 sabendo da nova LEI DE SUPERENVIDAMENTO? Esta \u00e9 uma Lei Federal, que j\u00e1 est\u00e1 em vigor! Ela d\u00e1 mais prote\u00e7\u00e3o as pessoas que possuem muitas d\u00edvidas e que agora n\u00e3o conseguem mais pag\u00e1-las. Estamos falando dos Superendividados&#8230; O que \u00e9 o SUPER ENDIVIDADO? S\u00e3o pessoas ou empres\u00e1rios que, as d\u00edvidas s\u00e3o muitas vezes maiores&#8230;<\/p>\n","protected":false},"author":1,"featured_media":0,"parent":2152,"menu_order":0,"comment_status":"closed","ping_status":"closed","template":"","meta":[],"yoast_head":"<!-- This site is optimized with the Yoast SEO plugin v15.2.1 - https:\/\/yoast.com\/wordpress\/plugins\/seo\/ -->\n<title>Super Endividamento - Consultoria BPR<\/title>\n<meta name=\"robots\" content=\"index, follow, max-snippet:-1, max-image-preview:large, max-video-preview:-1\" \/>\n<link rel=\"canonical\" href=\"https:\/\/consultoriabpr.com.br\/site\/servicos\/super-endividamento\/\" \/>\n<meta property=\"og:locale\" content=\"pt_BR\" \/>\n<meta property=\"og:type\" content=\"article\" \/>\n<meta property=\"og:title\" content=\"Super Endividamento - Consultoria BPR\" \/>\n<meta property=\"og:description\" content=\"Est\u00e1 sabendo da nova LEI DE SUPERENVIDAMENTO? Esta \u00e9 uma Lei Federal, que j\u00e1 est\u00e1 em vigor! Ela d\u00e1 mais prote\u00e7\u00e3o as pessoas que possuem muitas d\u00edvidas e que agora n\u00e3o conseguem mais pag\u00e1-las. Estamos falando dos Superendividados&#8230; O que \u00e9 o SUPER ENDIVIDADO? S\u00e3o pessoas ou empres\u00e1rios que, as d\u00edvidas s\u00e3o muitas vezes maiores...\" \/>\n<meta property=\"og:url\" content=\"https:\/\/consultoriabpr.com.br\/site\/servicos\/super-endividamento\/\" \/>\n<meta property=\"og:site_name\" content=\"Consultoria BPR\" \/>\n<meta property=\"article:modified_time\" content=\"2021-08-18T01:11:09+00:00\" \/>\n<meta property=\"og:image\" content=\"https:\/\/consultoriabpr.com.br\/site\/wp-content\/uploads\/elementor\/thumbs\/dinheiro-brasileiro-um-fundo-de-negocios_52793-1350-pbrv8dvfwiaus92zev2ltazriya4h2lcdxw2uh2ujk.jpg\" \/>\n<meta name=\"twitter:card\" content=\"summary_large_image\" \/>\n<meta name=\"twitter:label1\" content=\"Written by\">\n\t<meta name=\"twitter:data1\" content=\"bpr\">\n\t<meta name=\"twitter:label2\" content=\"Est. reading time\">\n\t<meta name=\"twitter:data2\" content=\"1 minuto\">\n<script type=\"application\/ld+json\" class=\"yoast-schema-graph\">{\"@context\":\"https:\/\/schema.org\",\"@graph\":[{\"@type\":\"Organization\",\"@id\":\"https:\/\/consultoriabpr.com.br\/site\/#organization\",\"name\":\"BPR Consultoria\",\"url\":\"https:\/\/consultoriabpr.com.br\/site\/\",\"sameAs\":[],\"logo\":{\"@type\":\"ImageObject\",\"@id\":\"https:\/\/consultoriabpr.com.br\/site\/#logo\",\"inLanguage\":\"pt-BR\",\"url\":\"https:\/\/consultoriabpr.com.br\/site\/wp-content\/uploads\/2020\/11\/bpr-consultoria-logo.png\",\"width\":1681,\"height\":466,\"caption\":\"BPR Consultoria\"},\"image\":{\"@id\":\"https:\/\/consultoriabpr.com.br\/site\/#logo\"}},{\"@type\":\"WebSite\",\"@id\":\"https:\/\/consultoriabpr.com.br\/site\/#website\",\"url\":\"https:\/\/consultoriabpr.com.br\/site\/\",\"name\":\"Consultoria BPR\",\"description\":\"BPR Consultoria - Solu\\u00e7\\u00f5es para Traquilidade Financeira Limpe seu nome do SPC e SERASA resgate cheques atrasados e protestos, negocie d\\u00edvidas e reduza juros\",\"publisher\":{\"@id\":\"https:\/\/consultoriabpr.com.br\/site\/#organization\"},\"potentialAction\":[{\"@type\":\"SearchAction\",\"target\":\"https:\/\/consultoriabpr.com.br\/site\/?s={search_term_string}\",\"query-input\":\"required name=search_term_string\"}],\"inLanguage\":\"pt-BR\"},{\"@type\":\"ImageObject\",\"@id\":\"https:\/\/consultoriabpr.com.br\/site\/servicos\/super-endividamento\/#primaryimage\",\"inLanguage\":\"pt-BR\",\"url\":\"https:\/\/consultoriabpr.com.br\/site\/wp-content\/uploads\/elementor\/thumbs\/dinheiro-brasileiro-um-fundo-de-negocios_52793-1350-pbrv8dvfwiaus92zev2ltazriya4h2lcdxw2uh2ujk.jpg\"},{\"@type\":\"WebPage\",\"@id\":\"https:\/\/consultoriabpr.com.br\/site\/servicos\/super-endividamento\/#webpage\",\"url\":\"https:\/\/consultoriabpr.com.br\/site\/servicos\/super-endividamento\/\",\"name\":\"Super Endividamento - Consultoria BPR\",\"isPartOf\":{\"@id\":\"https:\/\/consultoriabpr.com.br\/site\/#website\"},\"primaryImageOfPage\":{\"@id\":\"https:\/\/consultoriabpr.com.br\/site\/servicos\/super-endividamento\/#primaryimage\"},\"datePublished\":\"2021-08-18T00:53:10+00:00\",\"dateModified\":\"2021-08-18T01:11:09+00:00\",\"inLanguage\":\"pt-BR\",\"potentialAction\":[{\"@type\":\"ReadAction\",\"target\":[\"https:\/\/consultoriabpr.com.br\/site\/servicos\/super-endividamento\/\"]}]}]}<\/script>\n<!-- \/ Yoast SEO plugin. -->","_links":{"self":[{"href":"https:\/\/consultoriabpr.com.br\/site\/wp-json\/wp\/v2\/pages\/10836"}],"collection":[{"href":"https:\/\/consultoriabpr.com.br\/site\/wp-json\/wp\/v2\/pages"}],"about":[{"href":"https:\/\/consultoriabpr.com.br\/site\/wp-json\/wp\/v2\/types\/page"}],"author":[{"embeddable":true,"href":"https:\/\/consultoriabpr.com.br\/site\/wp-json\/wp\/v2\/users\/1"}],"replies":[{"embeddable":true,"href":"https:\/\/consultoriabpr.com.br\/site\/wp-json\/wp\/v2\/comments?post=10836"}],"version-history":[{"count":11,"href":"https:\/\/consultoriabpr.com.br\/site\/wp-json\/wp\/v2\/pages\/10836\/revisions"}],"predecessor-version":[{"id":10850,"href":"https:\/\/consultoriabpr.com.br\/site\/wp-json\/wp\/v2\/pages\/10836\/revisions\/10850"}],"up":[{"embeddable":true,"href":"https:\/\/consultoriabpr.com.br\/site\/wp-json\/wp\/v2\/pages\/2152"}],"wp:attachment":[{"href":"https:\/\/consultoriabpr.com.br\/site\/wp-json\/wp\/v2\/media?parent=10836"}],"curies":[{"name":"wp","href":"https:\/\/api.w.org\/{rel}","templated":true}]}}